{"id":8138,"date":"2023-11-15T18:37:17","date_gmt":"2023-11-15T18:37:17","guid":{"rendered":"https:\/\/turismemoixent.com\/politica-de-privacidad\/"},"modified":"2025-12-22T12:10:36","modified_gmt":"2025-12-22T12:10:36","slug":"politica-de-privacitat","status":"publish","type":"page","link":"https:\/\/turismemoixent.com\/val\/politica-de-privacitat\/","title":{"rendered":"Pol\u00edtica de privacitat"},"content":{"rendered":"\t\t<div data-elementor-type=\"wp-page\" data-elementor-id=\"8138\" class=\"elementor elementor-8138 elementor-2738\">\n\t\t\t\t\t\t<section class=\"elementor-section elementor-top-section elementor-element elementor-element-df04a5d elementor-section-content-middle elementor-section-stretched elementor-section-boxed elementor-section-height-default elementor-section-height-default\" data-id=\"df04a5d\" data-element_type=\"section\" data-settings=\"{&quot;stretch_section&quot;:&quot;section-stretched&quot;,&quot;jet_parallax_layout_list&quot;:[{&quot;_id&quot;:&quot;69e5e79&quot;,&quot;jet_parallax_layout_image&quot;:{&quot;url&quot;:&quot;&quot;,&quot;id&quot;:&quot;&quot;,&quot;size&quot;:&quot;&quot;},&quot;jet_parallax_layout_image_tablet&quot;:{&quot;url&quot;:&quot;&quot;,&quot;id&quot;:&quot;&quot;,&quot;size&quot;:&quot;&quot;},&quot;jet_parallax_layout_image_mobile&quot;:{&quot;url&quot;:&quot;&quot;,&quot;id&quot;:&quot;&quot;,&quot;size&quot;:&quot;&quot;},&quot;jet_parallax_layout_speed&quot;:{&quot;unit&quot;:&quot;%&quot;,&quot;size&quot;:50,&quot;sizes&quot;:[]},&quot;jet_parallax_layout_type&quot;:&quot;scroll&quot;,&quot;jet_parallax_layout_direction&quot;:&quot;1&quot;,&quot;jet_parallax_layout_fx_direction&quot;:null,&quot;jet_parallax_layout_z_index&quot;:&quot;&quot;,&quot;jet_parallax_layout_bg_x&quot;:50,&quot;jet_parallax_layout_bg_x_tablet&quot;:&quot;&quot;,&quot;jet_parallax_layout_bg_x_mobile&quot;:&quot;&quot;,&quot;jet_parallax_layout_bg_y&quot;:50,&quot;jet_parallax_layout_bg_y_tablet&quot;:&quot;&quot;,&quot;jet_parallax_layout_bg_y_mobile&quot;:&quot;&quot;,&quot;jet_parallax_layout_bg_size&quot;:&quot;auto&quot;,&quot;jet_parallax_layout_bg_size_tablet&quot;:&quot;&quot;,&quot;jet_parallax_layout_bg_size_mobile&quot;:&quot;&quot;,&quot;jet_parallax_layout_animation_prop&quot;:&quot;transform&quot;,&quot;jet_parallax_layout_on&quot;:[&quot;desktop&quot;,&quot;tablet&quot;]}],&quot;background_background&quot;:&quot;classic&quot;}\">\n\t\t\t\t\t\t\t<div class=\"elementor-background-overlay\"><\/div>\n\t\t\t\t\t\t\t<div class=\"elementor-container elementor-column-gap-default\">\n\t\t\t\t\t<div class=\"elementor-column elementor-col-100 elementor-top-column elementor-element elementor-element-c818134\" data-id=\"c818134\" data-element_type=\"column\">\n\t\t\t<div class=\"elementor-widget-wrap elementor-element-populated\">\n\t\t\t\t\t<div class=\"elementor-background-overlay\"><\/div>\n\t\t\t\t\t\t<div class=\"elementor-element elementor-element-3af1e25 animated-slow elementor-invisible elementor-widget elementor-widget-heading\" data-id=\"3af1e25\" data-element_type=\"widget\" data-settings=\"{&quot;_animation&quot;:&quot;fadeIn&quot;,&quot;_animation_delay&quot;:500}\" data-widget_type=\"heading.default\">\n\t\t\t\t<div class=\"elementor-widget-container\">\n\t\t\t\t\t<h1 class=\"elementor-heading-title elementor-size-default\">Pol\u00edtica de privacitat<\/h1>\t\t\t\t<\/div>\n\t\t\t\t<\/div>\n\t\t\t\t<div class=\"elementor-element elementor-element-d3d1e44 animated-slow elementor-widget-divider--view-line elementor-invisible elementor-widget elementor-widget-divider\" data-id=\"d3d1e44\" data-element_type=\"widget\" data-settings=\"{&quot;_animation&quot;:&quot;fadeInRight&quot;,&quot;_animation_delay&quot;:700,&quot;_animation_tablet&quot;:&quot;fadeIn&quot;}\" data-widget_type=\"divider.default\">\n\t\t\t\t<div class=\"elementor-widget-container\">\n\t\t\t\t\t\t\t<div class=\"elementor-divider\">\n\t\t\t<span class=\"elementor-divider-separator\">\n\t\t\t\t\t\t<\/span>\n\t\t<\/div>\n\t\t\t\t\t\t<\/div>\n\t\t\t\t<\/div>\n\t\t\t\t\t<\/div>\n\t\t<\/div>\n\t\t\t\t\t<\/div>\n\t\t<\/section>\n\t\t\t\t<section class=\"elementor-section elementor-top-section elementor-element elementor-element-64036cec elementor-section-content-middle elementor-section-stretched elementor-section-boxed elementor-section-height-default elementor-section-height-default\" data-id=\"64036cec\" data-element_type=\"section\" id=\"pobles\" data-settings=\"{&quot;stretch_section&quot;:&quot;section-stretched&quot;,&quot;jet_parallax_layout_list&quot;:[{&quot;_id&quot;:&quot;69e5e79&quot;,&quot;jet_parallax_layout_image&quot;:{&quot;url&quot;:&quot;&quot;,&quot;id&quot;:&quot;&quot;,&quot;size&quot;:&quot;&quot;},&quot;jet_parallax_layout_image_tablet&quot;:{&quot;url&quot;:&quot;&quot;,&quot;id&quot;:&quot;&quot;,&quot;size&quot;:&quot;&quot;},&quot;jet_parallax_layout_image_mobile&quot;:{&quot;url&quot;:&quot;&quot;,&quot;id&quot;:&quot;&quot;,&quot;size&quot;:&quot;&quot;},&quot;jet_parallax_layout_speed&quot;:{&quot;unit&quot;:&quot;%&quot;,&quot;size&quot;:50,&quot;sizes&quot;:[]},&quot;jet_parallax_layout_type&quot;:&quot;scroll&quot;,&quot;jet_parallax_layout_direction&quot;:&quot;1&quot;,&quot;jet_parallax_layout_fx_direction&quot;:null,&quot;jet_parallax_layout_z_index&quot;:&quot;&quot;,&quot;jet_parallax_layout_bg_x&quot;:50,&quot;jet_parallax_layout_bg_x_tablet&quot;:&quot;&quot;,&quot;jet_parallax_layout_bg_x_mobile&quot;:&quot;&quot;,&quot;jet_parallax_layout_bg_y&quot;:50,&quot;jet_parallax_layout_bg_y_tablet&quot;:&quot;&quot;,&quot;jet_parallax_layout_bg_y_mobile&quot;:&quot;&quot;,&quot;jet_parallax_layout_bg_size&quot;:&quot;auto&quot;,&quot;jet_parallax_layout_bg_size_tablet&quot;:&quot;&quot;,&quot;jet_parallax_layout_bg_size_mobile&quot;:&quot;&quot;,&quot;jet_parallax_layout_animation_prop&quot;:&quot;transform&quot;,&quot;jet_parallax_layout_on&quot;:[&quot;desktop&quot;,&quot;tablet&quot;]}],&quot;background_background&quot;:&quot;classic&quot;}\">\n\t\t\t\t\t\t\t<div class=\"elementor-background-overlay\"><\/div>\n\t\t\t\t\t\t\t<div class=\"elementor-container elementor-column-gap-default\">\n\t\t\t\t\t<div class=\"elementor-column elementor-col-100 elementor-top-column elementor-element elementor-element-34b55977\" data-id=\"34b55977\" data-element_type=\"column\">\n\t\t\t<div class=\"elementor-widget-wrap elementor-element-populated\">\n\t\t\t\t\t<div class=\"elementor-background-overlay\"><\/div>\n\t\t\t\t\t\t<div class=\"elementor-element elementor-element-19a6b2f8 elementor-widget elementor-widget-text-editor\" data-id=\"19a6b2f8\" data-element_type=\"widget\" id=\"privacidad\" data-widget_type=\"text-editor.default\">\n\t\t\t\t<div class=\"elementor-widget-container\">\n\t\t\t\t\t\t\t\t\t<p>En compliment del que disposen el Reglament (UE) 2016\/679 del Parlament Europeu i del Consell, de 27 d\u2019abril de 2016 (RGPD), i la Llei org\u00e0nica 3\/2018, de 5 de desembre, de protecci\u00f3 de dades personals i garantia dels drets digitals (LOPDGDD), s\u2019informa les persones usu\u00e0ries del lloc web www.turismemoixent.com<br \/>sobre el tractament de les seues dades personals.<\/p>\n<h4>1. Responsable del tractament<\/h4>\n<p>La persona responsable del tractament de les dades personals arreplegades a trav\u00e9s d\u2019este lloc web \u00e9s:<\/p>\n<ul>\n<li><strong>Responsable:<\/strong> Ajuntament de Moixent<\/li>\n<li><strong>CIF:<\/strong> P4617200C<\/li>\n<li><strong>Domicili:<\/strong> Pla\u00e7a Major, 1, 46640 Moixent (Val\u00e8ncia), Espanya<\/li>\n<li><strong>Tel\u00e8fon:<\/strong> (+34) 962 295 010<\/li>\n<li><strong>Correu electr\u00f2nic:<\/strong> ayto.moixent@moixent.es<\/li>\n<li><strong>Lloc web:<\/strong> www.turismemoixent.com<\/li>\n<\/ul>\n<h4>2. \u00c0mbit d\u2019aplicaci\u00f3 d\u2019esta pol\u00edtica<\/h4>\n<p>La present Pol\u00edtica de Privacitat s\u2019aplica a la navegaci\u00f3 pel lloc web www.turismemoixent.com<br \/>i a l\u2019\u00fas dels servicis que s\u2019oferixen a trav\u00e9s d\u2019este, com ara:<\/p>\n<ul>\n<li>Consulta d\u2019informaci\u00f3 tur\u00edstica de la localitat de Moixent.<\/li>\n<li>Contacte amb l\u2019Ajuntament de Moixent pels mitjans de contacte publicats en la web (tel\u00e8fon, correu electr\u00f2nic i, si escau, formularis de contacte).<\/li>\n<\/ul>\n<h4>3. Dades que es tracten, finalitats i bases jur\u00eddiques<\/h4>\n<p>A continuaci\u00f3 s\u2019indiquen les principals operacions de tractament que es poden realitzar a trav\u00e9s del lloc web:<\/p>\n<p><strong>3.1. Navegaci\u00f3 per la web (dades t\u00e8cniques i cookies)<\/strong><\/p>\n<p><span style=\"text-decoration: underline;\">Dades tractades:<\/span><\/p>\n<ul>\n<li>Adre\u00e7a IP, identificadors de dispositiu o navegador.<\/li>\n<li>Dades de connexi\u00f3 i navegaci\u00f3 (data\/hora, p\u00e0gines visitades, origen de la visita, etc.).<\/li>\n<li>Informaci\u00f3 derivada de l\u2019\u00fas de cookies t\u00e8cniques i, si escau, anal\u00edtiques o de personalitzaci\u00f3, segons el que s\u2019indique en la Pol\u00edtica de Cookies.<\/li>\n<\/ul>\n<p><span style=\"text-decoration: underline;\">Finalitat:<\/span><\/p>\n<ul>\n<li>Permetre la correcta visualitzaci\u00f3 i seguretat del lloc web.<\/li>\n<li>Obtindre estad\u00edstiques d\u2019\u00fas del lloc (p\u00e0gines m\u00e9s visitades, seccions d\u2019inter\u00e9s, etc.), en cas d\u2019utilitzar ferramentes d\u2019anal\u00edtica web.<\/li>\n<\/ul>\n<p><span style=\"text-decoration: underline;\">Base jur\u00eddica:<\/span><\/p>\n<ul>\n<li>Inter\u00e9s leg\u00edtim de l\u2019Ajuntament de Moixent a garantir el funcionament t\u00e8cnic i la seguretat del lloc (art. 6.1.f RGPD).<\/li>\n<li>Consentiment de la persona usu\u00e0ria per a l\u2019\u00fas de cookies no t\u00e8cniques, quan aix\u00ed ho exigisca la normativa i s\u2019obtinga mitjan\u00e7ant el corresponent b\u00e0ner o panell de configuraci\u00f3.<\/li>\n<\/ul>\n<p><strong>3.2. Consultes i comunicacions a trav\u00e9s del correu electr\u00f2nic i\/o formularis de contacte<\/strong><\/p>\n<p><span style=\"text-decoration: underline;\">Dades tractades (segons el formulari o el mitj\u00e0 de contacte):<\/span><\/p>\n<ul>\n<li>Nom i cognoms.<\/li>\n<li>Correu electr\u00f2nic.<\/li>\n<li>Tel\u00e8fon de contacte (si escau).<\/li>\n<li>Contingut del missatge o consulta, i qualsevol altra informaci\u00f3 que la persona usu\u00e0ria incloga de manera volunt\u00e0ria.<\/li>\n<\/ul>\n<p><span style=\"text-decoration: underline;\">Finalitat:<\/span><\/p>\n<ul>\n<li>Atendre i gestionar les consultes, sol\u00b7licituds d\u2019informaci\u00f3 tur\u00edstica, suggeriments o incid\u00e8ncies enviades per les persones usu\u00e0ries.<\/li>\n<li>Mantindre contacte amb persones interessades en l\u2019oferta tur\u00edstica de Moixent.<\/li>\n<\/ul>\n<p><span style=\"text-decoration: underline;\">Base jur\u00eddica:<\/span><\/p>\n<ul>\n<li>El tractament \u00e9s necessari per al compliment d\u2019una missi\u00f3 realitzada en inter\u00e9s p\u00fablic o en l\u2019exercici de poders p\u00fablics conferits a l\u2019Ajuntament de Moixent (art. 6.1.e RGPD), relacionada amb la informaci\u00f3 i promoci\u00f3 tur\u00edstica local.<\/li>\n<li>Si escau, el consentiment de la persona interessada, quan utilitze volunt\u00e0riament els formularis de contacte o envie comunicacions al correu electr\u00f2nic facilitat (art. 6.1.a RGPD).<\/li>\n<\/ul>\n<p><span style=\"text-decoration: underline;\">Termini de conservaci\u00f3:<\/span><\/p>\n<p>Durant el temps necessari per a atendre la consulta o sol\u00b7licitud i, posteriorment, durant els terminis en qu\u00e8 pogueren derivar-se responsabilitats legals d\u2019eixa atenci\u00f3.<\/p>\n<p><strong>3.3. Gesti\u00f3 de reserves o inscripcions a activitats tur\u00edstiques<\/strong><\/p>\n<p>Nom\u00e9s aplicable si la web permet tramitar reserves, per exemple, de visites guiades o activitats.<\/p>\n<p><span style=\"text-decoration: underline;\">Dades tractades:<\/span><\/p>\n<ul>\n<li>Dades identificatives (nom i cognoms, DNI\/NIE si escau).<\/li>\n<li>Dades de contacte (tel\u00e8fon, correu electr\u00f2nic).<\/li>\n<li>Nombre de persones, dates i prefer\u00e8ncies de visita, etc.<\/li>\n<\/ul>\n<p><span style=\"text-decoration: underline;\">Finalitat:<\/span><\/p>\n<ul>\n<li>Gestionar la reserva de visites guiades, activitats tur\u00edstiques, esdeveniments locals o altres servicis oferits a trav\u00e9s del portal.<\/li>\n<li>Enviar comunicacions relacionades amb la reserva o l\u2019activitat contractada (confirmacions, canvis, recordatoris, etc.).<\/li>\n<\/ul>\n<p><span style=\"text-decoration: underline;\">Base jur\u00eddica:<\/span><\/p>\n<ul>\n<li>Execuci\u00f3 d\u2019una relaci\u00f3 precontractual o contractual (art. 6.1.b RGPD) quan es tracte de la gesti\u00f3 d\u2019una reserva o d\u2019un servici concret.<\/li>\n<li>Compliment d\u2019obligacions legals que puguen derivar-se de la prestaci\u00f3 del servici (art. 6.1.c RGPD).<\/li>\n<\/ul>\n<p><span style=\"text-decoration: underline;\">Termini de conservaci\u00f3:<\/span><\/p>\n<p>Mentre estiga vigent la reserva o el servici i, posteriorment, durant els terminis de prescripci\u00f3 aplicables conforme a la normativa administrativa, d\u2019arxius p\u00fablics i la resta de normativa sectorial.<\/p>\n<h4>4. Conservaci\u00f3 de les dades<\/h4>\n<p>Amb car\u00e0cter general, l\u2019Ajuntament de Moixent conservar\u00e0 les dades personals durant el temps estrictament necessari per a complir les finalitats per a les quals van ser arreplegades i, en tot cas, durant els terminis de prescripci\u00f3 de possibles responsabilitats administratives, civils, penals o d\u2019una altra \u00edndole que pogueren derivar-se del tractament.<\/p>\n<p>Transcorreguts estos terminis, les dades es conservaran degudament bloquejades o es procedir\u00e0 a la seua supressi\u00f3 de manera segura.<\/p>\n<h4>5. Destinataris de les dades i encarregats de tractament<\/h4>\n<p>Amb car\u00e0cter general, les dades personals no es cediran a tercers, llevat d\u2019obligaci\u00f3 legal o quan siga necessari per a la prestaci\u00f3 dels servicis relacionats amb el portal tur\u00edstic. Poden tindre acc\u00e9s a les dades, entre altres:<\/p>\n<ul>\n<li>Prove\u00efdors que presten servicis a l\u2019Ajuntament de Moixent relacionats amb:\n<ul>\n<li>Servicis d\u2019allotjament web (hosting) i manteniment del lloc.<\/li>\n<li>Servicis de suport inform\u00e0tic.<\/li>\n<li>Servicis d\u2019anal\u00edtica web o ferramentes d\u2019enviament de comunicacions, si escau.<\/li>\n<\/ul>\n<\/li>\n<\/ul>\n<p>Estos prove\u00efdors actuaran com a encarregats del tractament, seguint en tot moment les instruccions de l\u2019Ajuntament de Moixent i havent subscrit els contractes de tractament de dades exigits per la normativa.<\/p>\n<h4>6. Transfer\u00e8ncies internacionals de dades<\/h4>\n<p>Amb car\u00e0cter general, no es preveuen transfer\u00e8ncies internacionals de dades fora de l\u2019Espai Econ\u00f2mic Europeu (EEE).<\/p>\n<p>En cas que el portal utilitze servicis de tercers situats fora de l\u2019EEE (per exemple, determinades ferramentes d\u2019anal\u00edtica o plataformes d\u2019enviament de butlletins), es garantir\u00e0 que estes transfer\u00e8ncies es realitzen complint les garanties adequades, com ara cl\u00e0usules contractuals tipus aprovades per la Comissi\u00f3 Europea o altres mecanismes previstos en la normativa de protecci\u00f3 de dades.<\/p>\n<h4>7. Drets de les persones interessades<\/h4>\n<p>Les persones usu\u00e0ries del lloc web tenen dret a:<\/p>\n<ul>\n<li>Accedir a les seues dades personals.<\/li>\n<li>Rectificar les dades inexactes o incompletes.<\/li>\n<li>Sol\u00b7licitar la supressi\u00f3 de les seues dades quan, entre altres motius, ja no siguen necess\u00e0ries per a les finalitats per a les quals van ser arreplegades.<\/li>\n<li>Sol\u00b7licitar la limitaci\u00f3 del tractament de les seues dades en determinades circumst\u00e0ncies.<\/li>\n<li>Oposar-se al tractament de les seues dades per motius relacionats amb la seua situaci\u00f3 particular, quan la base jur\u00eddica siga l\u2019inter\u00e9s leg\u00edtim o l\u2019inter\u00e9s p\u00fablic.<\/li>\n<li>Sol\u00b7licitar la portabilitat de les seues dades, quan el tractament es base en el consentiment o en un contracte i s\u2019efectue per mitjans automatitzats.<\/li>\n<li>Retirar el consentiment en qualsevol moment, sense que aix\u00f2 afecte la licitud del tractament anterior a la seua retirada.<\/li>\n<\/ul>\n<p>Per a exercir estos drets, la persona interessada podr\u00e0 adre\u00e7ar-se per escrit a:<\/p>\n<p>Ajuntament de Moixent<br \/>Pla\u00e7a Major, 1, 46640 Moixent (Val\u00e8ncia)<br \/>Correu electr\u00f2nic: ayto.moixent@moixent.es<\/p>\n<p>En cas de considerar que els seus drets no han sigut degudament atesos, la persona interessada pot presentar una reclamaci\u00f3 davant l\u2019Ag\u00e8ncia Espanyola de Protecci\u00f3 de Dades (AEPD) a trav\u00e9s de www.aepd.es.<\/p>\n<h4>8. Seguretat de les dades<\/h4>\n<p>L\u2019Ajuntament de Moixent aplicar\u00e0 les mesures t\u00e8cniques i organitzatives adequades per a garantir un nivell de seguretat adequat al risc, de conformitat amb el que establixen el RGPD i la LOPDGDD, a fi de protegir les dades personals davant destrucci\u00f3, p\u00e8rdua o alteraci\u00f3 accidentals o il\u00b7l\u00edcites, aix\u00ed com davant la comunicaci\u00f3 o acc\u00e9s no autoritzats.<\/p>\n<p>No obstant aix\u00f2, la persona usu\u00e0ria ha de ser conscient que les mesures de seguretat en Internet no s\u00f3n inexpugnables i que, per tant, no es pot garantir la inexist\u00e8ncia absoluta de vulneracions derivades d\u2019actuacions malicioses de tercers.<\/p>\n<h4>9. Dades de tercers<\/h4>\n<p>Si la persona usu\u00e0ria proporciona dades personals de terceres persones (per exemple, en inscriure altres acompanyants en una activitat tur\u00edstica), manifesta que compta amb el consentiment d\u2019eixes persones o que disposa d\u2019una altra base leg\u00edtima per a comunicar les seues dades a l\u2019Ajuntament de Moixent, i es compromet a informar-les del contingut de la present Pol\u00edtica de Privacitat.<\/p>\n<h4>10. Dades de menors<\/h4>\n<p>El portal de turisme de Moixent no est\u00e0 dirigit espec\u00edficament a menors d\u2019edat. En cas que s\u2019oferisquen servicis o activitats dirigits a menors, s\u2019adoptaran mesures espec\u00edfiques d\u2019informaci\u00f3 i, quan siga necessari, d\u2019obtenci\u00f3 del consentiment de mares, pares o tutors legals, d\u2019acord amb la normativa aplicable.<\/p>\n<p>Si l\u2019Ajuntament de Moixent t\u00e9 coneixement que s\u2019han arreplegat dades personals de menors sense la deguda autoritzaci\u00f3, procedir\u00e0 a la seua supressi\u00f3 amb la major celeritat possible.<\/p>\n<h4>11. Enlla\u00e7os a altres llocs web<\/h4>\n<p>El lloc web www.turismemoixent.com pot incloure enlla\u00e7os a llocs web de tercers (per exemple, altres portals institucionals, recursos tur\u00edstics, allotjaments, restaurants o altres servicis). L\u2019Ajuntament de Moixent no \u00e9s responsable dels continguts ni de les pol\u00edtiques de privacitat d\u2019eixos llocs externs, per la qual cosa es recomana a la persona usu\u00e0ria que revise les pol\u00edtiques de privacitat de cada lloc al qual accedisca.<\/p>\n<h4>12. Modificaci\u00f3 de la pol\u00edtica de privacitat<\/h4>\n<p>L\u2019Ajuntament de Moixent es reserva el dret a modificar la present Pol\u00edtica de Privacitat per a adaptar-la a canvis legislatius, criteris jurisprudencials, recomanacions d\u2019autoritats de control o per canvis en el funcionament del portal tur\u00edstic.<\/p>\n<p>Les versions actualitzades es publicaran en esta mateixa p\u00e0gina, indicant la data de l\u2019\u00faltima actualitzaci\u00f3.<\/p>\n<h4>13. Data de publicaci\u00f3<\/h4>\n<p>La present pol\u00edtica de privacitat i de protecci\u00f3 de dades s\u2019ha publicat el 2 de gener de 2026.<\/p>\n<p>\u00a0<\/p>\t\t\t\t\t\t\t\t<\/div>\n\t\t\t\t<\/div>\n\t\t\t\t\t<\/div>\n\t\t<\/div>\n\t\t\t\t\t<\/div>\n\t\t<\/section>\n\t\t\t\t<\/div>\n\t\t","protected":false},"excerpt":{"rendered":"<p>En compliment del que disposen el Reglament (UE) 2016\/679 del Parlament Europeu i del Consell, de 27 d\u2019abril de 2016 (RGPD), i la Llei org\u00e0nica 3\/2018, de 5 de desembre, de protecci\u00f3 de dades personals i garantia dels drets digitals (LOPDGDD), s\u2019informa les persones usu\u00e0ries del lloc web www.turismemoixent.comsobre el tractament de les seues dades [&hellip;]<\/p>\n","protected":false},"author":1,"featured_media":0,"parent":0,"menu_order":0,"comment_status":"closed","ping_status":"closed","template":"full-width.php","meta":{"_acf_changed":false,"footnotes":""},"class_list":["post-8138","page","type-page","status-publish","hentry"],"acf":[],"yoast_head":"<!-- This site is optimized with the Yoast SEO plugin v26.6 - https:\/\/yoast.com\/wordpress\/plugins\/seo\/ -->\n<title>Pol\u00edtica de privacitat - Turisme Moixent<\/title>\n<meta name=\"robots\" content=\"noindex, nofollow\" \/>\n<meta property=\"og:locale\" content=\"ca_ES\" \/>\n<meta property=\"og:type\" content=\"article\" \/>\n<meta property=\"og:title\" content=\"Pol\u00edtica de privacitat - Turisme Moixent\" \/>\n<meta property=\"og:description\" content=\"En compliment del que disposen el Reglament (UE) 2016\/679 del Parlament Europeu i del Consell, de 27 d\u2019abril de 2016 (RGPD), i la Llei org\u00e0nica 3\/2018, de 5 de desembre, de protecci\u00f3 de dades personals i garantia dels drets digitals (LOPDGDD), s\u2019informa les persones usu\u00e0ries del lloc web www.turismemoixent.comsobre el tractament de les seues dades [&hellip;]\" \/>\n<meta property=\"og:url\" content=\"https:\/\/turismemoixent.com\/val\/politica-de-privacitat\/\" \/>\n<meta property=\"og:site_name\" content=\"Turisme Moixent\" \/>\n<meta property=\"article:modified_time\" content=\"2025-12-22T12:10:36+00:00\" \/>\n<meta name=\"twitter:card\" content=\"summary_large_image\" \/>\n<meta name=\"twitter:label1\" content=\"Est. reading time\" \/>\n\t<meta name=\"twitter:data1\" content=\"9 minuts\" \/>\n<script type=\"application\/ld+json\" class=\"yoast-schema-graph\">{\"@context\":\"https:\/\/schema.org\",\"@graph\":[{\"@type\":\"WebPage\",\"@id\":\"https:\/\/turismemoixent.com\/val\/politica-de-privacitat\/\",\"url\":\"https:\/\/turismemoixent.com\/val\/politica-de-privacitat\/\",\"name\":\"Pol\u00edtica de privacitat - Turisme Moixent\",\"isPartOf\":{\"@id\":\"https:\/\/turismemoixent.com\/#website\"},\"datePublished\":\"2023-11-15T18:37:17+00:00\",\"dateModified\":\"2025-12-22T12:10:36+00:00\",\"breadcrumb\":{\"@id\":\"https:\/\/turismemoixent.com\/val\/politica-de-privacitat\/#breadcrumb\"},\"inLanguage\":\"ca\",\"potentialAction\":[{\"@type\":\"ReadAction\",\"target\":[\"https:\/\/turismemoixent.com\/val\/politica-de-privacitat\/\"]}]},{\"@type\":\"BreadcrumbList\",\"@id\":\"https:\/\/turismemoixent.com\/val\/politica-de-privacitat\/#breadcrumb\",\"itemListElement\":[{\"@type\":\"ListItem\",\"position\":1,\"name\":\"Portada\",\"item\":\"https:\/\/turismemoixent.com\/val\/moixent\/\"},{\"@type\":\"ListItem\",\"position\":2,\"name\":\"Pol\u00edtica de privacitat\"}]},{\"@type\":\"WebSite\",\"@id\":\"https:\/\/turismemoixent.com\/#website\",\"url\":\"https:\/\/turismemoixent.com\/\",\"name\":\"Turisme Moixent\",\"description\":\"Web oficial de Turisme Moixent. Descobreix-ne el patrimoni, els vins i la calma d'un dest\u00ed interior per gaudir sense presses.\",\"potentialAction\":[{\"@type\":\"SearchAction\",\"target\":{\"@type\":\"EntryPoint\",\"urlTemplate\":\"https:\/\/turismemoixent.com\/?s={search_term_string}\"},\"query-input\":{\"@type\":\"PropertyValueSpecification\",\"valueRequired\":true,\"valueName\":\"search_term_string\"}}],\"inLanguage\":\"ca\"}]}<\/script>\n<!-- \/ Yoast SEO plugin. -->","yoast_head_json":{"title":"Pol\u00edtica de privacitat - Turisme Moixent","robots":{"index":"noindex","follow":"nofollow"},"og_locale":"ca_ES","og_type":"article","og_title":"Pol\u00edtica de privacitat - Turisme Moixent","og_description":"En compliment del que disposen el Reglament (UE) 2016\/679 del Parlament Europeu i del Consell, de 27 d\u2019abril de 2016 (RGPD), i la Llei org\u00e0nica 3\/2018, de 5 de desembre, de protecci\u00f3 de dades personals i garantia dels drets digitals (LOPDGDD), s\u2019informa les persones usu\u00e0ries del lloc web www.turismemoixent.comsobre el tractament de les seues dades [&hellip;]","og_url":"https:\/\/turismemoixent.com\/val\/politica-de-privacitat\/","og_site_name":"Turisme Moixent","article_modified_time":"2025-12-22T12:10:36+00:00","twitter_card":"summary_large_image","twitter_misc":{"Est. reading time":"9 minuts"},"schema":{"@context":"https:\/\/schema.org","@graph":[{"@type":"WebPage","@id":"https:\/\/turismemoixent.com\/val\/politica-de-privacitat\/","url":"https:\/\/turismemoixent.com\/val\/politica-de-privacitat\/","name":"Pol\u00edtica de privacitat - Turisme Moixent","isPartOf":{"@id":"https:\/\/turismemoixent.com\/#website"},"datePublished":"2023-11-15T18:37:17+00:00","dateModified":"2025-12-22T12:10:36+00:00","breadcrumb":{"@id":"https:\/\/turismemoixent.com\/val\/politica-de-privacitat\/#breadcrumb"},"inLanguage":"ca","potentialAction":[{"@type":"ReadAction","target":["https:\/\/turismemoixent.com\/val\/politica-de-privacitat\/"]}]},{"@type":"BreadcrumbList","@id":"https:\/\/turismemoixent.com\/val\/politica-de-privacitat\/#breadcrumb","itemListElement":[{"@type":"ListItem","position":1,"name":"Portada","item":"https:\/\/turismemoixent.com\/val\/moixent\/"},{"@type":"ListItem","position":2,"name":"Pol\u00edtica de privacitat"}]},{"@type":"WebSite","@id":"https:\/\/turismemoixent.com\/#website","url":"https:\/\/turismemoixent.com\/","name":"Turisme Moixent","description":"Web oficial de Turisme Moixent. Descobreix-ne el patrimoni, els vins i la calma d'un dest\u00ed interior per gaudir sense presses.","potentialAction":[{"@type":"SearchAction","target":{"@type":"EntryPoint","urlTemplate":"https:\/\/turismemoixent.com\/?s={search_term_string}"},"query-input":{"@type":"PropertyValueSpecification","valueRequired":true,"valueName":"search_term_string"}}],"inLanguage":"ca"}]}},"_links":{"self":[{"href":"https:\/\/turismemoixent.com\/val\/wp-json\/wp\/v2\/pages\/8138","targetHints":{"allow":["GET"]}}],"collection":[{"href":"https:\/\/turismemoixent.com\/val\/wp-json\/wp\/v2\/pages"}],"about":[{"href":"https:\/\/turismemoixent.com\/val\/wp-json\/wp\/v2\/types\/page"}],"author":[{"embeddable":true,"href":"https:\/\/turismemoixent.com\/val\/wp-json\/wp\/v2\/users\/1"}],"replies":[{"embeddable":true,"href":"https:\/\/turismemoixent.com\/val\/wp-json\/wp\/v2\/comments?post=8138"}],"version-history":[{"count":4,"href":"https:\/\/turismemoixent.com\/val\/wp-json\/wp\/v2\/pages\/8138\/revisions"}],"predecessor-version":[{"id":8295,"href":"https:\/\/turismemoixent.com\/val\/wp-json\/wp\/v2\/pages\/8138\/revisions\/8295"}],"wp:attachment":[{"href":"https:\/\/turismemoixent.com\/val\/wp-json\/wp\/v2\/media?parent=8138"}],"curies":[{"name":"wp","href":"https:\/\/api.w.org\/{rel}","templated":true}]}}