{"id":8137,"date":"2023-11-16T07:18:28","date_gmt":"2023-11-16T07:18:28","guid":{"rendered":"https:\/\/turismemoixent.com\/aviso-legal\/"},"modified":"2025-12-22T08:39:21","modified_gmt":"2025-12-22T08:39:21","slug":"avis-legal","status":"publish","type":"page","link":"https:\/\/turismemoixent.com\/val\/avis-legal\/","title":{"rendered":"Av\u00eds legal"},"content":{"rendered":"\t\t<div data-elementor-type=\"wp-page\" data-elementor-id=\"8137\" class=\"elementor elementor-8137 elementor-2779\">\n\t\t\t\t\t\t<section class=\"elementor-section elementor-top-section elementor-element elementor-element-6421dd2 elementor-section-content-middle elementor-section-stretched elementor-section-boxed elementor-section-height-default elementor-section-height-default\" data-id=\"6421dd2\" data-element_type=\"section\" data-settings=\"{&quot;stretch_section&quot;:&quot;section-stretched&quot;,&quot;jet_parallax_layout_list&quot;:[{&quot;_id&quot;:&quot;69e5e79&quot;,&quot;jet_parallax_layout_image&quot;:{&quot;url&quot;:&quot;&quot;,&quot;id&quot;:&quot;&quot;,&quot;size&quot;:&quot;&quot;},&quot;jet_parallax_layout_image_tablet&quot;:{&quot;url&quot;:&quot;&quot;,&quot;id&quot;:&quot;&quot;,&quot;size&quot;:&quot;&quot;},&quot;jet_parallax_layout_image_mobile&quot;:{&quot;url&quot;:&quot;&quot;,&quot;id&quot;:&quot;&quot;,&quot;size&quot;:&quot;&quot;},&quot;jet_parallax_layout_speed&quot;:{&quot;unit&quot;:&quot;%&quot;,&quot;size&quot;:50,&quot;sizes&quot;:[]},&quot;jet_parallax_layout_type&quot;:&quot;scroll&quot;,&quot;jet_parallax_layout_direction&quot;:&quot;1&quot;,&quot;jet_parallax_layout_fx_direction&quot;:null,&quot;jet_parallax_layout_z_index&quot;:&quot;&quot;,&quot;jet_parallax_layout_bg_x&quot;:50,&quot;jet_parallax_layout_bg_x_tablet&quot;:&quot;&quot;,&quot;jet_parallax_layout_bg_x_mobile&quot;:&quot;&quot;,&quot;jet_parallax_layout_bg_y&quot;:50,&quot;jet_parallax_layout_bg_y_tablet&quot;:&quot;&quot;,&quot;jet_parallax_layout_bg_y_mobile&quot;:&quot;&quot;,&quot;jet_parallax_layout_bg_size&quot;:&quot;auto&quot;,&quot;jet_parallax_layout_bg_size_tablet&quot;:&quot;&quot;,&quot;jet_parallax_layout_bg_size_mobile&quot;:&quot;&quot;,&quot;jet_parallax_layout_animation_prop&quot;:&quot;transform&quot;,&quot;jet_parallax_layout_on&quot;:[&quot;desktop&quot;,&quot;tablet&quot;]}],&quot;background_background&quot;:&quot;classic&quot;}\">\n\t\t\t\t\t\t\t<div class=\"elementor-background-overlay\"><\/div>\n\t\t\t\t\t\t\t<div class=\"elementor-container elementor-column-gap-default\">\n\t\t\t\t\t<div class=\"elementor-column elementor-col-100 elementor-top-column elementor-element elementor-element-27ac250\" data-id=\"27ac250\" data-element_type=\"column\">\n\t\t\t<div class=\"elementor-widget-wrap elementor-element-populated\">\n\t\t\t\t\t<div class=\"elementor-background-overlay\"><\/div>\n\t\t\t\t\t\t<div class=\"elementor-element elementor-element-4298060 animated-slow elementor-invisible elementor-widget elementor-widget-heading\" data-id=\"4298060\" data-element_type=\"widget\" data-settings=\"{&quot;_animation&quot;:&quot;fadeIn&quot;,&quot;_animation_delay&quot;:500}\" data-widget_type=\"heading.default\">\n\t\t\t\t<div class=\"elementor-widget-container\">\n\t\t\t\t\t<h1 class=\"elementor-heading-title elementor-size-default\">Av\u00eds legal<\/h1>\t\t\t\t<\/div>\n\t\t\t\t<\/div>\n\t\t\t\t<div class=\"elementor-element elementor-element-5c5f6a7 animated-slow elementor-widget-divider--view-line elementor-invisible elementor-widget elementor-widget-divider\" data-id=\"5c5f6a7\" data-element_type=\"widget\" data-settings=\"{&quot;_animation&quot;:&quot;fadeInRight&quot;,&quot;_animation_delay&quot;:700,&quot;_animation_tablet&quot;:&quot;fadeIn&quot;}\" data-widget_type=\"divider.default\">\n\t\t\t\t<div class=\"elementor-widget-container\">\n\t\t\t\t\t\t\t<div class=\"elementor-divider\">\n\t\t\t<span class=\"elementor-divider-separator\">\n\t\t\t\t\t\t<\/span>\n\t\t<\/div>\n\t\t\t\t\t\t<\/div>\n\t\t\t\t<\/div>\n\t\t\t\t\t<\/div>\n\t\t<\/div>\n\t\t\t\t\t<\/div>\n\t\t<\/section>\n\t\t\t\t<section class=\"elementor-section elementor-top-section elementor-element elementor-element-64036cec elementor-section-content-middle elementor-section-stretched elementor-section-boxed elementor-section-height-default elementor-section-height-default\" data-id=\"64036cec\" data-element_type=\"section\" id=\"pobles\" data-settings=\"{&quot;stretch_section&quot;:&quot;section-stretched&quot;,&quot;jet_parallax_layout_list&quot;:[{&quot;_id&quot;:&quot;69e5e79&quot;,&quot;jet_parallax_layout_image&quot;:{&quot;url&quot;:&quot;&quot;,&quot;id&quot;:&quot;&quot;,&quot;size&quot;:&quot;&quot;},&quot;jet_parallax_layout_image_tablet&quot;:{&quot;url&quot;:&quot;&quot;,&quot;id&quot;:&quot;&quot;,&quot;size&quot;:&quot;&quot;},&quot;jet_parallax_layout_image_mobile&quot;:{&quot;url&quot;:&quot;&quot;,&quot;id&quot;:&quot;&quot;,&quot;size&quot;:&quot;&quot;},&quot;jet_parallax_layout_speed&quot;:{&quot;unit&quot;:&quot;%&quot;,&quot;size&quot;:50,&quot;sizes&quot;:[]},&quot;jet_parallax_layout_type&quot;:&quot;scroll&quot;,&quot;jet_parallax_layout_direction&quot;:&quot;1&quot;,&quot;jet_parallax_layout_fx_direction&quot;:null,&quot;jet_parallax_layout_z_index&quot;:&quot;&quot;,&quot;jet_parallax_layout_bg_x&quot;:50,&quot;jet_parallax_layout_bg_x_tablet&quot;:&quot;&quot;,&quot;jet_parallax_layout_bg_x_mobile&quot;:&quot;&quot;,&quot;jet_parallax_layout_bg_y&quot;:50,&quot;jet_parallax_layout_bg_y_tablet&quot;:&quot;&quot;,&quot;jet_parallax_layout_bg_y_mobile&quot;:&quot;&quot;,&quot;jet_parallax_layout_bg_size&quot;:&quot;auto&quot;,&quot;jet_parallax_layout_bg_size_tablet&quot;:&quot;&quot;,&quot;jet_parallax_layout_bg_size_mobile&quot;:&quot;&quot;,&quot;jet_parallax_layout_animation_prop&quot;:&quot;transform&quot;,&quot;jet_parallax_layout_on&quot;:[&quot;desktop&quot;,&quot;tablet&quot;]}],&quot;background_background&quot;:&quot;classic&quot;}\">\n\t\t\t\t\t\t\t<div class=\"elementor-background-overlay\"><\/div>\n\t\t\t\t\t\t\t<div class=\"elementor-container elementor-column-gap-default\">\n\t\t\t\t\t<div class=\"elementor-column elementor-col-100 elementor-top-column elementor-element elementor-element-34b55977\" data-id=\"34b55977\" data-element_type=\"column\">\n\t\t\t<div class=\"elementor-widget-wrap elementor-element-populated\">\n\t\t\t\t\t<div class=\"elementor-background-overlay\"><\/div>\n\t\t\t\t\t\t<div class=\"elementor-element elementor-element-19a6b2f8 elementor-widget elementor-widget-text-editor\" data-id=\"19a6b2f8\" data-element_type=\"widget\" id=\"privacidad\" data-widget_type=\"text-editor.default\">\n\t\t\t\t<div class=\"elementor-widget-container\">\n\t\t\t\t\t\t\t\t\t<p><br \/><em>Este av\u00eds legal es va actualitzar per \u00faltima volta el 27 de desembre de 2025<\/em><\/p><h4>1. Dades identificatives<\/h4><p>En compliment del que disposa l\u2019article 10 de la Llei 34\/2002, d\u201911 de juliol, de serveis de la societat de la informaci\u00f3 i de comer\u00e7 electr\u00f2nic (LSSI-CE), s\u2019informa que el lloc web www.turismemoixent.com<br \/>(d\u2019ara en avant, el \u201cLloc Web\u201d) \u00e9s titularitat de:<\/p><ul><li><strong>Titular<\/strong>: Ajuntament de Moixent<\/li><li><strong>CIF<\/strong>: P4617200C<\/li><li><strong>Domicili<\/strong>: Pla\u00e7a Major, 1, 46640 Moixent (Val\u00e8ncia), Espanya<\/li><li><strong>Tel\u00e8fon<\/strong>: (+34) 962 295 010<\/li><li><strong>Correu electr\u00f2nic de contacte<\/strong>: ayto.moixent@moixent.es<\/li><li><strong>Lloc web principal de l\u2019Ajuntament:<\/strong> www.moixent.es<\/li><\/ul><h4>2. Objecte del lloc web<\/h4><p>El present Lloc Web t\u00e9 per objecte oferir informaci\u00f3 tur\u00edstica i d\u2019inter\u00e9s general sobre el municipi de Moixent, incloent-hi, entre altres, recursos tur\u00edstics, patrimoni cultural i natural, activitats, esdeveniments, rutes i servicis relacionats amb el turisme local.<\/p><p>La informaci\u00f3 publicada t\u00e9 car\u00e0cter merament informatiu i divulgatiu. L\u2019Ajuntament de Moixent es reserva el dret d\u2019actualitzar, modificar o eliminar els continguts del Lloc Web, aix\u00ed com de limitar o impedir l\u2019acc\u00e9s a estos de manera temporal o definitiva.<\/p><h4>3. Condicions d\u2019\u00fas<\/h4><p>L\u2019acc\u00e9s i\/o \u00fas del Lloc Web atribu\u00efx la condici\u00f3 de persona usu\u00e0ria, que accepta, des d\u2019eixe acc\u00e9s i\/o \u00fas, les presents condicions d\u2019\u00fas.<\/p><p>La persona usu\u00e0ria es compromet a:<\/p><ul><li>Fer un \u00fas adequat i l\u00edcit del Lloc Web i dels seus continguts, de conformitat amb la legislaci\u00f3 vigent, la bona fe i l\u2019orde p\u00fablic.<\/li><li>No utilitzar el Lloc Web amb finalitats il\u00b7l\u00edcites o lesives per als drets i interessos de l\u2019Ajuntament de Moixent o de tercers, o que de qualsevol manera puguen danyar, inutilitzar, sobrecarregar o deteriorar el Lloc Web.<\/li><li>No realitzar cap acci\u00f3 que puga introduir virus inform\u00e0tics, malware o qualssevol altres programes o fitxers perjudicials.<\/li><\/ul><p>En cas d\u2019incompliment d\u2019estes condicions, l\u2019Ajuntament de Moixent es reserva el dret d\u2019adoptar les mesures legals oportunes.<\/p><h4>4. Propietat intel\u00b7lectual i industrial<\/h4><p>Llevat d\u2019indicaci\u00f3 expressa en contra, els continguts del Lloc Web, incloent-hi a t\u00edtol enunciatiu per\u00f2 no limitatiu, textos, imatges, fotografies, dissenys gr\u00e0fics, logotips, icones, programari, combinacions de colors, estructura i disseny, s\u00f3n titularitat de l\u2019Ajuntament de Moixent o de tercers que n\u2019hagen autoritzat l\u2019\u00fas, i es troben protegits per la normativa de propietat intel\u00b7lectual i industrial.<\/p><p>Queda prohibida qualsevol reproducci\u00f3, distribuci\u00f3, comunicaci\u00f3 p\u00fablica, transformaci\u00f3 o qualsevol altra forma d\u2019explotaci\u00f3 dels continguts, total o parcial, sense l\u2019autoritzaci\u00f3 pr\u00e8via i per escrit de l\u2019Ajuntament de Moixent o del titular dels drets corresponents, llevat dels casos legalment permesos.<\/p><p>La persona usu\u00e0ria es compromet a respectar els drets de propietat intel\u00b7lectual i industrial derivats dels continguts del Lloc Web.<\/p><h4>5. Enlla\u00e7os<\/h4><p><strong>5.1. Enlla\u00e7os des del Lloc Web a altres llocs<\/strong><\/p><p>El Lloc Web pot incloure enlla\u00e7os a p\u00e0gines o llocs web de tercers (per exemple, altres administracions, recursos tur\u00edstics, allotjaments, restaurants o altres servicis).<\/p><p>La pres\u00e8ncia d\u2019estos enlla\u00e7os t\u00e9 car\u00e0cter merament informatiu, i no implica en cap cas l\u2019exist\u00e8ncia de relaci\u00f3, recomanaci\u00f3, suport o aprovaci\u00f3 entre l\u2019Ajuntament de Moixent i les entitats titulars dels llocs enlla\u00e7ats ni dels seus continguts.<\/p><p>L\u2019Ajuntament de Moixent no es fa responsable del contingut, de les condicions d\u2019\u00fas, de les pol\u00edtiques de privacitat ni d\u2019altres condicions d\u2019estos llocs web de tercers, per la qual cosa es recomana a la persona usu\u00e0ria que els revise de manera independent.<\/p><p><strong>5.2. Enlla\u00e7os al Lloc Web des d\u2019altres llocs<\/strong><\/p><p>Les persones o entitats que desitgen establir un enlla\u00e7 cap a este Lloc Web hauran de respectar les condicions seg\u00fcents:<\/p><p>L\u2019enlla\u00e7 \u00fanicament podr\u00e0 dirigir a la p\u00e0gina principal (home) o a aquelles que s\u2019autoritzen expressament.<\/p><p>No es permetr\u00e0 la inclusi\u00f3 del Lloc Web en marcs o \u201cframes\u201d de tercers que puguen induir a error sobre la titularitat dels continguts.<\/p><p>No es faran manifestacions falses, inexactes o incorrectes sobre l\u2019Ajuntament de Moixent, les seues persones responsables, servicis o continguts.<\/p><p>L\u2019establiment de l\u2019enlla\u00e7 no implicar\u00e0 l\u2019exist\u00e8ncia de cap relaci\u00f3 ni col\u00b7laboraci\u00f3 entre l\u2019Ajuntament de Moixent i la persona responsable del lloc des del qual s\u2019enlla\u00e7a, llevat d\u2019autoritzaci\u00f3 expressa.<\/p><h4>6. Responsabilitat<\/h4><p>L\u2019Ajuntament de Moixent no garanteix la inexist\u00e8ncia d\u2019errors en l\u2019acc\u00e9s al Lloc Web ni en els seus continguts, encara que desplegar\u00e0 els seus millors esfor\u00e7os per a evitar-los i, si escau, esmenar-los o actualitzar-los al m\u00e9s prompte possible.<\/p><p>L\u2019Ajuntament de Moixent no es fa responsable per:<\/p><ul><li>Els danys i perju\u00eds de qualsevol naturalesa que pogueren derivar-se de la falta de disponibilitat, manteniment i efectiu funcionament del Lloc Web o dels seus servicis i continguts.<\/li><li>Els danys que puguen deure\u2019s a la pres\u00e8ncia de virus o altres elements nocius en els continguts o que puguen produir alteracions en el sistema inform\u00e0tic de la persona usu\u00e0ria (programari i maquinari), documents electr\u00f2nics o fitxers.<\/li><li>L\u2019\u00fas que les persones usu\u00e0ries facen de la informaci\u00f3 i continguts del Lloc Web.<\/li><\/ul><p>La persona usu\u00e0ria \u00e9s l\u2019\u00fanica responsable de l\u2019\u00fas que fa\u00e7a dels servicis, continguts, enlla\u00e7os i hipertext inclosos en el Lloc Web.<\/p><h4>7. Protecci\u00f3 de dades personals<\/h4><p>El tractament de les dades personals arreplegades a trav\u00e9s del Lloc Web o mitjan\u00e7ant els mitjans de contacte indicats en este es regir\u00e0 pel que establix la Pol\u00edtica de Privacitat de l\u2019Ajuntament de Moixent aplicable al portal tur\u00edstic.<\/p><p>La Pol\u00edtica de Privacitat est\u00e0 disponible en l\u2019enlla\u00e7 seg\u00fcent:<strong><a href=\"https:\/\/turismemoixent.com\/politica-de-privacidad\/\"> Pol\u00edtica de Privacitat de www.turismemoixent.com<\/a><\/strong><\/p><p>Es recomana a les persones usu\u00e0ries que la lligen atentament per a obtindre informaci\u00f3 detallada sobre:<\/p><ul><li>La persona responsable del tractament.<\/li><li>Les finalitats i bases jur\u00eddiques del tractament.<\/li><li>Els terminis de conservaci\u00f3.<\/li><li>La cessi\u00f3 de dades i encarregats del tractament.<\/li><li>Els drets de les persones interessades i la manera d\u2019exercir-los.<\/li><\/ul><h4>8. \u00das de cookies<\/h4><p>El Lloc Web pot utilitzar cookies i tecnologies similars per al correcte funcionament de la p\u00e0gina, per a analitzar el tr\u00e0nsit i, si escau, per a altres finalitats descrites en la corresponent Pol\u00edtica de Cookies.<\/p><p>La informaci\u00f3 detallada sobre l\u2019\u00fas de cookies, aix\u00ed com les opcions de configuraci\u00f3 i, si escau, de revocaci\u00f3 del consentiment, es troba en la Pol\u00edtica de Cookies disponible en l\u2019enlla\u00e7 seg\u00fcent:<strong><a href=\"https:\/\/turismemoixent.com\/politica-de-cookies-ue\/\" target=\"_blank\" rel=\"noopener\"> Pol\u00edtica de Cookies de www.turismemoixent.com<\/a><\/strong><\/p><h4>9. Nul\u00b7litat parcial<\/h4><p>Si alguna de les condicions o cl\u00e0usules incloses en este Av\u00eds Legal f\u00f3ra declarada nul\u00b7la, inv\u00e0lida o inefica\u00e7, dita condici\u00f3 es considerar\u00e0 exclosa sense que eixa declaraci\u00f3 puga afectar la validesa ni l\u2019exigibilitat de la resta de condicions, que mantindran la seua vig\u00e8ncia.<\/p><h4>10. Legislaci\u00f3 aplicable i jurisdicci\u00f3<\/h4><p>Este Av\u00eds Legal es regir\u00e0 i s\u2019interpretar\u00e0 de conformitat amb la legislaci\u00f3 espanyola.<\/p><p>Sense perju\u00ed de les compet\u00e8ncies que puguen correspondre a la jurisdicci\u00f3 contenciosa administrativa o altres ordes jurisdiccionals, i sempre que no existisca una normativa espec\u00edfica que determine el contrari, per a qualsevol q\u00fcesti\u00f3 litigiosa o conflicte que poguera sorgir en relaci\u00f3 amb el Lloc Web, les parts se sotmeten als Jutjats i Tribunals de [per completar: localitat o partit judicial competent], amb ren\u00fancia expressa a qualsevol altre fur que els poguera correspondre, llevat que la normativa aplicable dispose una altra cosa.<\/p>\t\t\t\t\t\t\t\t<\/div>\n\t\t\t\t<\/div>\n\t\t\t\t\t<\/div>\n\t\t<\/div>\n\t\t\t\t\t<\/div>\n\t\t<\/section>\n\t\t\t\t<\/div>\n\t\t","protected":false},"excerpt":{"rendered":"<p>Este av\u00eds legal es va actualitzar per \u00faltima volta el 27 de desembre de 2025 1. Dades identificatives En compliment del que disposa l\u2019article 10 de la Llei 34\/2002, d\u201911 de juliol, de serveis de la societat de la informaci\u00f3 i de comer\u00e7 electr\u00f2nic (LSSI-CE), s\u2019informa que el lloc web www.turismemoixent.com(d\u2019ara en avant, el \u201cLloc [&hellip;]<\/p>\n","protected":false},"author":1,"featured_media":0,"parent":0,"menu_order":0,"comment_status":"closed","ping_status":"closed","template":"full-width.php","meta":{"_acf_changed":false,"footnotes":""},"class_list":["post-8137","page","type-page","status-publish","hentry"],"acf":[],"yoast_head":"<!-- This site is optimized with the Yoast SEO plugin v26.6 - https:\/\/yoast.com\/wordpress\/plugins\/seo\/ -->\n<title>Av\u00eds legal - Turisme Moixent<\/title>\n<meta name=\"robots\" content=\"noindex, nofollow\" \/>\n<meta property=\"og:locale\" content=\"ca_ES\" \/>\n<meta property=\"og:type\" content=\"article\" \/>\n<meta property=\"og:title\" content=\"Av\u00eds legal - Turisme Moixent\" \/>\n<meta property=\"og:description\" content=\"Este av\u00eds legal es va actualitzar per \u00faltima volta el 27 de desembre de 2025 1. Dades identificatives En compliment del que disposa l\u2019article 10 de la Llei 34\/2002, d\u201911 de juliol, de serveis de la societat de la informaci\u00f3 i de comer\u00e7 electr\u00f2nic (LSSI-CE), s\u2019informa que el lloc web www.turismemoixent.com(d\u2019ara en avant, el \u201cLloc [&hellip;]\" \/>\n<meta property=\"og:url\" content=\"https:\/\/turismemoixent.com\/val\/avis-legal\/\" \/>\n<meta property=\"og:site_name\" content=\"Turisme Moixent\" \/>\n<meta property=\"article:modified_time\" content=\"2025-12-22T08:39:21+00:00\" \/>\n<meta name=\"twitter:card\" content=\"summary_large_image\" \/>\n<meta name=\"twitter:label1\" content=\"Est. reading time\" \/>\n\t<meta name=\"twitter:data1\" content=\"7 minuts\" \/>\n<script type=\"application\/ld+json\" class=\"yoast-schema-graph\">{\"@context\":\"https:\/\/schema.org\",\"@graph\":[{\"@type\":\"WebPage\",\"@id\":\"https:\/\/turismemoixent.com\/val\/avis-legal\/\",\"url\":\"https:\/\/turismemoixent.com\/val\/avis-legal\/\",\"name\":\"Av\u00eds legal - Turisme Moixent\",\"isPartOf\":{\"@id\":\"https:\/\/turismemoixent.com\/#website\"},\"datePublished\":\"2023-11-16T07:18:28+00:00\",\"dateModified\":\"2025-12-22T08:39:21+00:00\",\"breadcrumb\":{\"@id\":\"https:\/\/turismemoixent.com\/val\/avis-legal\/#breadcrumb\"},\"inLanguage\":\"ca\",\"potentialAction\":[{\"@type\":\"ReadAction\",\"target\":[\"https:\/\/turismemoixent.com\/val\/avis-legal\/\"]}]},{\"@type\":\"BreadcrumbList\",\"@id\":\"https:\/\/turismemoixent.com\/val\/avis-legal\/#breadcrumb\",\"itemListElement\":[{\"@type\":\"ListItem\",\"position\":1,\"name\":\"Portada\",\"item\":\"https:\/\/turismemoixent.com\/val\/moixent\/\"},{\"@type\":\"ListItem\",\"position\":2,\"name\":\"Av\u00eds legal\"}]},{\"@type\":\"WebSite\",\"@id\":\"https:\/\/turismemoixent.com\/#website\",\"url\":\"https:\/\/turismemoixent.com\/\",\"name\":\"Turisme Moixent\",\"description\":\"Web oficial de Turisme Moixent. Descobreix-ne el patrimoni, els vins i la calma d'un dest\u00ed interior per gaudir sense presses.\",\"potentialAction\":[{\"@type\":\"SearchAction\",\"target\":{\"@type\":\"EntryPoint\",\"urlTemplate\":\"https:\/\/turismemoixent.com\/?s={search_term_string}\"},\"query-input\":{\"@type\":\"PropertyValueSpecification\",\"valueRequired\":true,\"valueName\":\"search_term_string\"}}],\"inLanguage\":\"ca\"}]}<\/script>\n<!-- \/ Yoast SEO plugin. -->","yoast_head_json":{"title":"Av\u00eds legal - Turisme Moixent","robots":{"index":"noindex","follow":"nofollow"},"og_locale":"ca_ES","og_type":"article","og_title":"Av\u00eds legal - Turisme Moixent","og_description":"Este av\u00eds legal es va actualitzar per \u00faltima volta el 27 de desembre de 2025 1. Dades identificatives En compliment del que disposa l\u2019article 10 de la Llei 34\/2002, d\u201911 de juliol, de serveis de la societat de la informaci\u00f3 i de comer\u00e7 electr\u00f2nic (LSSI-CE), s\u2019informa que el lloc web www.turismemoixent.com(d\u2019ara en avant, el \u201cLloc [&hellip;]","og_url":"https:\/\/turismemoixent.com\/val\/avis-legal\/","og_site_name":"Turisme Moixent","article_modified_time":"2025-12-22T08:39:21+00:00","twitter_card":"summary_large_image","twitter_misc":{"Est. reading time":"7 minuts"},"schema":{"@context":"https:\/\/schema.org","@graph":[{"@type":"WebPage","@id":"https:\/\/turismemoixent.com\/val\/avis-legal\/","url":"https:\/\/turismemoixent.com\/val\/avis-legal\/","name":"Av\u00eds legal - Turisme Moixent","isPartOf":{"@id":"https:\/\/turismemoixent.com\/#website"},"datePublished":"2023-11-16T07:18:28+00:00","dateModified":"2025-12-22T08:39:21+00:00","breadcrumb":{"@id":"https:\/\/turismemoixent.com\/val\/avis-legal\/#breadcrumb"},"inLanguage":"ca","potentialAction":[{"@type":"ReadAction","target":["https:\/\/turismemoixent.com\/val\/avis-legal\/"]}]},{"@type":"BreadcrumbList","@id":"https:\/\/turismemoixent.com\/val\/avis-legal\/#breadcrumb","itemListElement":[{"@type":"ListItem","position":1,"name":"Portada","item":"https:\/\/turismemoixent.com\/val\/moixent\/"},{"@type":"ListItem","position":2,"name":"Av\u00eds legal"}]},{"@type":"WebSite","@id":"https:\/\/turismemoixent.com\/#website","url":"https:\/\/turismemoixent.com\/","name":"Turisme Moixent","description":"Web oficial de Turisme Moixent. Descobreix-ne el patrimoni, els vins i la calma d'un dest\u00ed interior per gaudir sense presses.","potentialAction":[{"@type":"SearchAction","target":{"@type":"EntryPoint","urlTemplate":"https:\/\/turismemoixent.com\/?s={search_term_string}"},"query-input":{"@type":"PropertyValueSpecification","valueRequired":true,"valueName":"search_term_string"}}],"inLanguage":"ca"}]}},"_links":{"self":[{"href":"https:\/\/turismemoixent.com\/val\/wp-json\/wp\/v2\/pages\/8137","targetHints":{"allow":["GET"]}}],"collection":[{"href":"https:\/\/turismemoixent.com\/val\/wp-json\/wp\/v2\/pages"}],"about":[{"href":"https:\/\/turismemoixent.com\/val\/wp-json\/wp\/v2\/types\/page"}],"author":[{"embeddable":true,"href":"https:\/\/turismemoixent.com\/val\/wp-json\/wp\/v2\/users\/1"}],"replies":[{"embeddable":true,"href":"https:\/\/turismemoixent.com\/val\/wp-json\/wp\/v2\/comments?post=8137"}],"version-history":[{"count":4,"href":"https:\/\/turismemoixent.com\/val\/wp-json\/wp\/v2\/pages\/8137\/revisions"}],"predecessor-version":[{"id":8185,"href":"https:\/\/turismemoixent.com\/val\/wp-json\/wp\/v2\/pages\/8137\/revisions\/8185"}],"wp:attachment":[{"href":"https:\/\/turismemoixent.com\/val\/wp-json\/wp\/v2\/media?parent=8137"}],"curies":[{"name":"wp","href":"https:\/\/api.w.org\/{rel}","templated":true}]}}