{"id":8135,"date":"2023-11-16T14:06:26","date_gmt":"2023-11-16T14:06:26","guid":{"rendered":"https:\/\/turismemoixent.com\/accesibilidad\/"},"modified":"2025-12-22T08:26:31","modified_gmt":"2025-12-22T08:26:31","slug":"accesibilitat","status":"publish","type":"page","link":"https:\/\/turismemoixent.com\/val\/accesibilitat\/","title":{"rendered":"Accesibilitat"},"content":{"rendered":"\t\t<div data-elementor-type=\"wp-page\" data-elementor-id=\"8135\" class=\"elementor elementor-8135 elementor-2840\">\n\t\t\t\t\t\t<section class=\"elementor-section elementor-top-section elementor-element elementor-element-e725ffb elementor-section-content-middle elementor-section-stretched elementor-section-boxed elementor-section-height-default elementor-section-height-default\" data-id=\"e725ffb\" data-element_type=\"section\" data-settings=\"{&quot;stretch_section&quot;:&quot;section-stretched&quot;,&quot;jet_parallax_layout_list&quot;:[{&quot;_id&quot;:&quot;69e5e79&quot;,&quot;jet_parallax_layout_image&quot;:{&quot;url&quot;:&quot;&quot;,&quot;id&quot;:&quot;&quot;,&quot;size&quot;:&quot;&quot;},&quot;jet_parallax_layout_image_tablet&quot;:{&quot;url&quot;:&quot;&quot;,&quot;id&quot;:&quot;&quot;,&quot;size&quot;:&quot;&quot;},&quot;jet_parallax_layout_image_mobile&quot;:{&quot;url&quot;:&quot;&quot;,&quot;id&quot;:&quot;&quot;,&quot;size&quot;:&quot;&quot;},&quot;jet_parallax_layout_speed&quot;:{&quot;unit&quot;:&quot;%&quot;,&quot;size&quot;:50,&quot;sizes&quot;:[]},&quot;jet_parallax_layout_type&quot;:&quot;scroll&quot;,&quot;jet_parallax_layout_direction&quot;:&quot;1&quot;,&quot;jet_parallax_layout_fx_direction&quot;:null,&quot;jet_parallax_layout_z_index&quot;:&quot;&quot;,&quot;jet_parallax_layout_bg_x&quot;:50,&quot;jet_parallax_layout_bg_x_tablet&quot;:&quot;&quot;,&quot;jet_parallax_layout_bg_x_mobile&quot;:&quot;&quot;,&quot;jet_parallax_layout_bg_y&quot;:50,&quot;jet_parallax_layout_bg_y_tablet&quot;:&quot;&quot;,&quot;jet_parallax_layout_bg_y_mobile&quot;:&quot;&quot;,&quot;jet_parallax_layout_bg_size&quot;:&quot;auto&quot;,&quot;jet_parallax_layout_bg_size_tablet&quot;:&quot;&quot;,&quot;jet_parallax_layout_bg_size_mobile&quot;:&quot;&quot;,&quot;jet_parallax_layout_animation_prop&quot;:&quot;transform&quot;,&quot;jet_parallax_layout_on&quot;:[&quot;desktop&quot;,&quot;tablet&quot;]}],&quot;background_background&quot;:&quot;classic&quot;}\">\n\t\t\t\t\t\t\t<div class=\"elementor-background-overlay\"><\/div>\n\t\t\t\t\t\t\t<div class=\"elementor-container elementor-column-gap-default\">\n\t\t\t\t\t<div class=\"elementor-column elementor-col-100 elementor-top-column elementor-element elementor-element-6ab7b65\" data-id=\"6ab7b65\" data-element_type=\"column\">\n\t\t\t<div class=\"elementor-widget-wrap elementor-element-populated\">\n\t\t\t\t\t<div class=\"elementor-background-overlay\"><\/div>\n\t\t\t\t\t\t<div class=\"elementor-element elementor-element-5e2813a animated-slow elementor-invisible elementor-widget elementor-widget-heading\" data-id=\"5e2813a\" data-element_type=\"widget\" data-settings=\"{&quot;_animation&quot;:&quot;fadeIn&quot;,&quot;_animation_delay&quot;:500}\" data-widget_type=\"heading.default\">\n\t\t\t\t<div class=\"elementor-widget-container\">\n\t\t\t\t\t<h1 class=\"elementor-heading-title elementor-size-default\">Accesibilitat<\/h1>\t\t\t\t<\/div>\n\t\t\t\t<\/div>\n\t\t\t\t<div class=\"elementor-element elementor-element-816c2b6 animated-slow elementor-widget-divider--view-line elementor-invisible elementor-widget elementor-widget-divider\" data-id=\"816c2b6\" data-element_type=\"widget\" data-settings=\"{&quot;_animation&quot;:&quot;fadeInRight&quot;,&quot;_animation_delay&quot;:700,&quot;_animation_tablet&quot;:&quot;fadeIn&quot;}\" data-widget_type=\"divider.default\">\n\t\t\t\t<div class=\"elementor-widget-container\">\n\t\t\t\t\t\t\t<div class=\"elementor-divider\">\n\t\t\t<span class=\"elementor-divider-separator\">\n\t\t\t\t\t\t<\/span>\n\t\t<\/div>\n\t\t\t\t\t\t<\/div>\n\t\t\t\t<\/div>\n\t\t\t\t\t<\/div>\n\t\t<\/div>\n\t\t\t\t\t<\/div>\n\t\t<\/section>\n\t\t\t\t<section class=\"elementor-section elementor-top-section elementor-element elementor-element-fd98e68 elementor-section-content-middle elementor-section-stretched elementor-section-boxed elementor-section-height-default elementor-section-height-default\" data-id=\"fd98e68\" data-element_type=\"section\" data-settings=\"{&quot;stretch_section&quot;:&quot;section-stretched&quot;,&quot;jet_parallax_layout_list&quot;:[{&quot;_id&quot;:&quot;69e5e79&quot;,&quot;jet_parallax_layout_image&quot;:{&quot;url&quot;:&quot;&quot;,&quot;id&quot;:&quot;&quot;,&quot;size&quot;:&quot;&quot;},&quot;jet_parallax_layout_image_tablet&quot;:{&quot;url&quot;:&quot;&quot;,&quot;id&quot;:&quot;&quot;,&quot;size&quot;:&quot;&quot;},&quot;jet_parallax_layout_image_mobile&quot;:{&quot;url&quot;:&quot;&quot;,&quot;id&quot;:&quot;&quot;,&quot;size&quot;:&quot;&quot;},&quot;jet_parallax_layout_speed&quot;:{&quot;unit&quot;:&quot;%&quot;,&quot;size&quot;:50,&quot;sizes&quot;:[]},&quot;jet_parallax_layout_type&quot;:&quot;scroll&quot;,&quot;jet_parallax_layout_direction&quot;:&quot;1&quot;,&quot;jet_parallax_layout_fx_direction&quot;:null,&quot;jet_parallax_layout_z_index&quot;:&quot;&quot;,&quot;jet_parallax_layout_bg_x&quot;:50,&quot;jet_parallax_layout_bg_x_tablet&quot;:&quot;&quot;,&quot;jet_parallax_layout_bg_x_mobile&quot;:&quot;&quot;,&quot;jet_parallax_layout_bg_y&quot;:50,&quot;jet_parallax_layout_bg_y_tablet&quot;:&quot;&quot;,&quot;jet_parallax_layout_bg_y_mobile&quot;:&quot;&quot;,&quot;jet_parallax_layout_bg_size&quot;:&quot;auto&quot;,&quot;jet_parallax_layout_bg_size_tablet&quot;:&quot;&quot;,&quot;jet_parallax_layout_bg_size_mobile&quot;:&quot;&quot;,&quot;jet_parallax_layout_animation_prop&quot;:&quot;transform&quot;,&quot;jet_parallax_layout_on&quot;:[&quot;desktop&quot;,&quot;tablet&quot;]}],&quot;background_background&quot;:&quot;classic&quot;}\">\n\t\t\t\t\t\t\t<div class=\"elementor-background-overlay\"><\/div>\n\t\t\t\t\t\t\t<div class=\"elementor-container elementor-column-gap-default\">\n\t\t\t\t\t<div class=\"elementor-column elementor-col-100 elementor-top-column elementor-element elementor-element-a16d06c\" data-id=\"a16d06c\" data-element_type=\"column\">\n\t\t\t<div class=\"elementor-widget-wrap elementor-element-populated\">\n\t\t\t\t\t<div class=\"elementor-background-overlay\"><\/div>\n\t\t\t\t\t\t<div class=\"elementor-element elementor-element-9b95398 elementor-widget elementor-widget-text-editor\" data-id=\"9b95398\" data-element_type=\"widget\" data-widget_type=\"text-editor.default\">\n\t\t\t\t<div class=\"elementor-widget-container\">\n\t\t\t\t\t\t\t\t\t<p data-start=\"0\" data-end=\"271\">En Turisme Moixent treballem perqu\u00e8 el nostre lloc web siga accessible per al major nombre possible de persones, independentment de les seues capacitats, del dispositiu utilitzat o de la tecnologia de suport emprada (teclat, lectors de pantalla, ampliaci\u00f3 de text, etc.).<\/p><p data-start=\"273\" data-end=\"612\">La web incorpora mesures per a millorar l\u2019experi\u00e8ncia de navegaci\u00f3 i lectura, com ara una estructura de continguts clara, enlla\u00e7os i formularis comprensibles, i la possibilitat d\u2019utilitzar funcions de suport a l\u2019accessibilitat mitjan\u00e7ant el plugin <strong data-start=\"521\" data-end=\"550\">Ally Accessibility Plugin<\/strong> (per exemple, ajustos de visualitzaci\u00f3 i ajuda a la lectura).<\/p><p data-start=\"614\" data-end=\"908\">Tot i aix\u00f2, \u00e9s possible que algunes seccions o continguts presenten millores pendents, especialment en elements puntuals de contingut i en determinats aspectes que requerixen comprovacions addicionals. Estem treballant de manera cont\u00ednua per a revisar i corregir qualsevol incid\u00e8ncia detectada.<\/p><p data-start=\"910\" data-end=\"1169\" data-is-last-node=\"\" data-is-only-node=\"\">Si trobes alguna barrera d\u2019accessibilitat o tens dificultats per a accedir a algun contingut, per favor contacta amb nosaltres a trav\u00e9s de la p\u00e0gina de <strong data-start=\"1062\" data-end=\"1074\">Contacte<\/strong> i indica\u2019ns l\u2019URL i una breu descripci\u00f3 del problema per a poder ajudar-te i aplicar millores.<\/p>\t\t\t\t\t\t\t\t<\/div>\n\t\t\t\t<\/div>\n\t\t\t\t\t<\/div>\n\t\t<\/div>\n\t\t\t\t\t<\/div>\n\t\t<\/section>\n\t\t\t\t<\/div>\n\t\t","protected":false},"excerpt":{"rendered":"<p>En Turisme Moixent treballem perqu\u00e8 el nostre lloc web siga accessible per al major nombre possible de persones, independentment de les seues capacitats, del dispositiu utilitzat o de la tecnologia de suport emprada (teclat, lectors de pantalla, ampliaci\u00f3 de text, etc.). La web incorpora mesures per a millorar l\u2019experi\u00e8ncia de navegaci\u00f3 i lectura, com ara [&hellip;]<\/p>\n","protected":false},"author":1,"featured_media":0,"parent":0,"menu_order":0,"comment_status":"closed","ping_status":"closed","template":"full-width.php","meta":{"_acf_changed":false,"footnotes":""},"class_list":["post-8135","page","type-page","status-publish","hentry"],"acf":[],"yoast_head":"<!-- This site is optimized with the Yoast SEO plugin v26.6 - https:\/\/yoast.com\/wordpress\/plugins\/seo\/ -->\n<title>Accesibilitat - Turisme Moixent<\/title>\n<meta name=\"robots\" content=\"noindex, nofollow\" \/>\n<meta property=\"og:locale\" content=\"ca_ES\" \/>\n<meta property=\"og:type\" content=\"article\" \/>\n<meta property=\"og:title\" content=\"Accesibilitat - Turisme Moixent\" \/>\n<meta property=\"og:description\" content=\"En Turisme Moixent treballem perqu\u00e8 el nostre lloc web siga accessible per al major nombre possible de persones, independentment de les seues capacitats, del dispositiu utilitzat o de la tecnologia de suport emprada (teclat, lectors de pantalla, ampliaci\u00f3 de text, etc.). La web incorpora mesures per a millorar l\u2019experi\u00e8ncia de navegaci\u00f3 i lectura, com ara [&hellip;]\" \/>\n<meta property=\"og:url\" content=\"https:\/\/turismemoixent.com\/val\/accesibilitat\/\" \/>\n<meta property=\"og:site_name\" content=\"Turisme Moixent\" \/>\n<meta property=\"article:modified_time\" content=\"2025-12-22T08:26:31+00:00\" \/>\n<meta name=\"twitter:card\" content=\"summary_large_image\" \/>\n<meta name=\"twitter:label1\" content=\"Est. reading time\" \/>\n\t<meta name=\"twitter:data1\" content=\"1 minut\" \/>\n<script type=\"application\/ld+json\" class=\"yoast-schema-graph\">{\"@context\":\"https:\/\/schema.org\",\"@graph\":[{\"@type\":\"WebPage\",\"@id\":\"https:\/\/turismemoixent.com\/val\/accesibilitat\/\",\"url\":\"https:\/\/turismemoixent.com\/val\/accesibilitat\/\",\"name\":\"Accesibilitat - Turisme Moixent\",\"isPartOf\":{\"@id\":\"https:\/\/turismemoixent.com\/#website\"},\"datePublished\":\"2023-11-16T14:06:26+00:00\",\"dateModified\":\"2025-12-22T08:26:31+00:00\",\"breadcrumb\":{\"@id\":\"https:\/\/turismemoixent.com\/val\/accesibilitat\/#breadcrumb\"},\"inLanguage\":\"ca\",\"potentialAction\":[{\"@type\":\"ReadAction\",\"target\":[\"https:\/\/turismemoixent.com\/val\/accesibilitat\/\"]}]},{\"@type\":\"BreadcrumbList\",\"@id\":\"https:\/\/turismemoixent.com\/val\/accesibilitat\/#breadcrumb\",\"itemListElement\":[{\"@type\":\"ListItem\",\"position\":1,\"name\":\"Portada\",\"item\":\"https:\/\/turismemoixent.com\/val\/moixent\/\"},{\"@type\":\"ListItem\",\"position\":2,\"name\":\"Accesibilitat\"}]},{\"@type\":\"WebSite\",\"@id\":\"https:\/\/turismemoixent.com\/#website\",\"url\":\"https:\/\/turismemoixent.com\/\",\"name\":\"Turisme Moixent\",\"description\":\"Web oficial de Turisme Moixent. Descobreix-ne el patrimoni, els vins i la calma d'un dest\u00ed interior per gaudir sense presses.\",\"potentialAction\":[{\"@type\":\"SearchAction\",\"target\":{\"@type\":\"EntryPoint\",\"urlTemplate\":\"https:\/\/turismemoixent.com\/?s={search_term_string}\"},\"query-input\":{\"@type\":\"PropertyValueSpecification\",\"valueRequired\":true,\"valueName\":\"search_term_string\"}}],\"inLanguage\":\"ca\"}]}<\/script>\n<!-- \/ Yoast SEO plugin. -->","yoast_head_json":{"title":"Accesibilitat - Turisme Moixent","robots":{"index":"noindex","follow":"nofollow"},"og_locale":"ca_ES","og_type":"article","og_title":"Accesibilitat - Turisme Moixent","og_description":"En Turisme Moixent treballem perqu\u00e8 el nostre lloc web siga accessible per al major nombre possible de persones, independentment de les seues capacitats, del dispositiu utilitzat o de la tecnologia de suport emprada (teclat, lectors de pantalla, ampliaci\u00f3 de text, etc.). La web incorpora mesures per a millorar l\u2019experi\u00e8ncia de navegaci\u00f3 i lectura, com ara [&hellip;]","og_url":"https:\/\/turismemoixent.com\/val\/accesibilitat\/","og_site_name":"Turisme Moixent","article_modified_time":"2025-12-22T08:26:31+00:00","twitter_card":"summary_large_image","twitter_misc":{"Est. reading time":"1 minut"},"schema":{"@context":"https:\/\/schema.org","@graph":[{"@type":"WebPage","@id":"https:\/\/turismemoixent.com\/val\/accesibilitat\/","url":"https:\/\/turismemoixent.com\/val\/accesibilitat\/","name":"Accesibilitat - Turisme Moixent","isPartOf":{"@id":"https:\/\/turismemoixent.com\/#website"},"datePublished":"2023-11-16T14:06:26+00:00","dateModified":"2025-12-22T08:26:31+00:00","breadcrumb":{"@id":"https:\/\/turismemoixent.com\/val\/accesibilitat\/#breadcrumb"},"inLanguage":"ca","potentialAction":[{"@type":"ReadAction","target":["https:\/\/turismemoixent.com\/val\/accesibilitat\/"]}]},{"@type":"BreadcrumbList","@id":"https:\/\/turismemoixent.com\/val\/accesibilitat\/#breadcrumb","itemListElement":[{"@type":"ListItem","position":1,"name":"Portada","item":"https:\/\/turismemoixent.com\/val\/moixent\/"},{"@type":"ListItem","position":2,"name":"Accesibilitat"}]},{"@type":"WebSite","@id":"https:\/\/turismemoixent.com\/#website","url":"https:\/\/turismemoixent.com\/","name":"Turisme Moixent","description":"Web oficial de Turisme Moixent. Descobreix-ne el patrimoni, els vins i la calma d'un dest\u00ed interior per gaudir sense presses.","potentialAction":[{"@type":"SearchAction","target":{"@type":"EntryPoint","urlTemplate":"https:\/\/turismemoixent.com\/?s={search_term_string}"},"query-input":{"@type":"PropertyValueSpecification","valueRequired":true,"valueName":"search_term_string"}}],"inLanguage":"ca"}]}},"_links":{"self":[{"href":"https:\/\/turismemoixent.com\/val\/wp-json\/wp\/v2\/pages\/8135","targetHints":{"allow":["GET"]}}],"collection":[{"href":"https:\/\/turismemoixent.com\/val\/wp-json\/wp\/v2\/pages"}],"about":[{"href":"https:\/\/turismemoixent.com\/val\/wp-json\/wp\/v2\/types\/page"}],"author":[{"embeddable":true,"href":"https:\/\/turismemoixent.com\/val\/wp-json\/wp\/v2\/users\/1"}],"replies":[{"embeddable":true,"href":"https:\/\/turismemoixent.com\/val\/wp-json\/wp\/v2\/comments?post=8135"}],"version-history":[{"count":4,"href":"https:\/\/turismemoixent.com\/val\/wp-json\/wp\/v2\/pages\/8135\/revisions"}],"predecessor-version":[{"id":8152,"href":"https:\/\/turismemoixent.com\/val\/wp-json\/wp\/v2\/pages\/8135\/revisions\/8152"}],"wp:attachment":[{"href":"https:\/\/turismemoixent.com\/val\/wp-json\/wp\/v2\/media?parent=8135"}],"curies":[{"name":"wp","href":"https:\/\/api.w.org\/{rel}","templated":true}]}}