{"id":8105,"date":"2025-12-17T14:34:38","date_gmt":"2025-12-17T14:34:38","guid":{"rendered":"https:\/\/turismemoixent.com\/enoturismo\/"},"modified":"2026-01-27T11:26:58","modified_gmt":"2026-01-27T11:26:58","slug":"enoturisme","status":"publish","type":"page","link":"https:\/\/turismemoixent.com\/val\/enoturisme\/","title":{"rendered":"Enoturisme"},"content":{"rendered":"\t\t<div data-elementor-type=\"wp-page\" data-elementor-id=\"8105\" class=\"elementor elementor-8105 elementor-6979\">\n\t\t\t\t\t\t<section class=\"elementor-section elementor-top-section elementor-element elementor-element-3efd5178 elementor-section-full_width elementor-hidden-tablet elementor-hidden-mobile elementor-section-height-min-height elementor-section-height-default elementor-section-items-middle\" data-id=\"3efd5178\" data-element_type=\"section\" data-settings=\"{&quot;jet_parallax_layout_list&quot;:[],&quot;background_background&quot;:&quot;classic&quot;}\">\n\t\t\t\t\t\t<div class=\"elementor-container elementor-column-gap-default\">\n\t\t\t\t\t<div class=\"elementor-column elementor-col-100 elementor-top-column elementor-element elementor-element-6ea29cfe\" data-id=\"6ea29cfe\" data-element_type=\"column\">\n\t\t\t<div class=\"elementor-widget-wrap\">\n\t\t\t\t\t\t\t<\/div>\n\t\t<\/div>\n\t\t\t\t\t<\/div>\n\t\t<\/section>\n\t\t\t\t<section class=\"elementor-section elementor-top-section elementor-element elementor-element-43f80fc5 elementor-section-full_width elementor-hidden-desktop elementor-section-height-default elementor-section-height-default\" data-id=\"43f80fc5\" data-element_type=\"section\" data-settings=\"{&quot;jet_parallax_layout_list&quot;:[{&quot;_id&quot;:&quot;a848309&quot;,&quot;jet_parallax_layout_image&quot;:{&quot;url&quot;:&quot;&quot;,&quot;id&quot;:&quot;&quot;,&quot;size&quot;:&quot;&quot;},&quot;jet_parallax_layout_image_tablet&quot;:{&quot;url&quot;:&quot;&quot;,&quot;id&quot;:&quot;&quot;,&quot;size&quot;:&quot;&quot;},&quot;jet_parallax_layout_image_mobile&quot;:{&quot;url&quot;:&quot;&quot;,&quot;id&quot;:&quot;&quot;,&quot;size&quot;:&quot;&quot;},&quot;jet_parallax_layout_speed&quot;:{&quot;unit&quot;:&quot;%&quot;,&quot;size&quot;:50,&quot;sizes&quot;:[]},&quot;jet_parallax_layout_type&quot;:&quot;scroll&quot;,&quot;jet_parallax_layout_direction&quot;:&quot;1&quot;,&quot;jet_parallax_layout_fx_direction&quot;:null,&quot;jet_parallax_layout_z_index&quot;:&quot;&quot;,&quot;jet_parallax_layout_bg_x&quot;:50,&quot;jet_parallax_layout_bg_x_tablet&quot;:&quot;&quot;,&quot;jet_parallax_layout_bg_x_mobile&quot;:&quot;&quot;,&quot;jet_parallax_layout_bg_y&quot;:50,&quot;jet_parallax_layout_bg_y_tablet&quot;:&quot;&quot;,&quot;jet_parallax_layout_bg_y_mobile&quot;:&quot;&quot;,&quot;jet_parallax_layout_bg_size&quot;:&quot;auto&quot;,&quot;jet_parallax_layout_bg_size_tablet&quot;:&quot;&quot;,&quot;jet_parallax_layout_bg_size_mobile&quot;:&quot;&quot;,&quot;jet_parallax_layout_animation_prop&quot;:&quot;transform&quot;,&quot;jet_parallax_layout_on&quot;:[&quot;desktop&quot;,&quot;tablet&quot;]}]}\">\n\t\t\t\t\t\t<div class=\"elementor-container elementor-column-gap-default\">\n\t\t\t\t\t<div class=\"elementor-column elementor-col-100 elementor-top-column elementor-element elementor-element-4468a88a\" data-id=\"4468a88a\" data-element_type=\"column\">\n\t\t\t<div class=\"elementor-widget-wrap elementor-element-populated\">\n\t\t\t\t\t\t<div class=\"elementor-element elementor-element-24cace64 elementor-widget elementor-widget-raven-image\" data-id=\"24cace64\" data-element_type=\"widget\" data-widget_type=\"raven-image.default\">\n\t\t\t\t<div class=\"elementor-widget-container\">\n\t\t\t\t\t\t\t<div class=\"raven-image\">\n\t\t\n\t\t\n\t\t<img fetchpriority=\"high\" decoding=\"async\" width=\"1920\" height=\"1240\" src=\"https:\/\/turismemoixent.com\/wp-content\/uploads\/2025\/12\/moixent-0000011.webp\" class=\"attachment-full size-full wp-image-8196\" alt=\"\" srcset=\"https:\/\/turismemoixent.com\/wp-content\/uploads\/2025\/12\/moixent-0000011.webp 1920w, https:\/\/turismemoixent.com\/wp-content\/uploads\/2025\/12\/moixent-0000011-300x194.webp 300w, https:\/\/turismemoixent.com\/wp-content\/uploads\/2025\/12\/moixent-0000011-1024x661.webp 1024w, https:\/\/turismemoixent.com\/wp-content\/uploads\/2025\/12\/moixent-0000011-768x496.webp 768w, https:\/\/turismemoixent.com\/wp-content\/uploads\/2025\/12\/moixent-0000011-1536x992.webp 1536w\" sizes=\"(max-width: 1920px) 100vw, 1920px\" \/>\t\t<\/div>\n\t\t\t\t\t\t<\/div>\n\t\t\t\t<\/div>\n\t\t\t\t\t<\/div>\n\t\t<\/div>\n\t\t\t\t\t<\/div>\n\t\t<\/section>\n\t\t\t\t<section class=\"elementor-section elementor-top-section elementor-element elementor-element-64036cec elementor-section-content-middle elementor-section-stretched elementor-section-boxed elementor-section-height-default elementor-section-height-default\" data-id=\"64036cec\" data-element_type=\"section\" id=\"pobles\" data-settings=\"{&quot;stretch_section&quot;:&quot;section-stretched&quot;,&quot;jet_parallax_layout_list&quot;:[{&quot;_id&quot;:&quot;69e5e79&quot;,&quot;jet_parallax_layout_image&quot;:{&quot;url&quot;:&quot;&quot;,&quot;id&quot;:&quot;&quot;,&quot;size&quot;:&quot;&quot;},&quot;jet_parallax_layout_image_tablet&quot;:{&quot;url&quot;:&quot;&quot;,&quot;id&quot;:&quot;&quot;,&quot;size&quot;:&quot;&quot;},&quot;jet_parallax_layout_image_mobile&quot;:{&quot;url&quot;:&quot;&quot;,&quot;id&quot;:&quot;&quot;,&quot;size&quot;:&quot;&quot;},&quot;jet_parallax_layout_speed&quot;:{&quot;unit&quot;:&quot;%&quot;,&quot;size&quot;:50,&quot;sizes&quot;:[]},&quot;jet_parallax_layout_type&quot;:&quot;scroll&quot;,&quot;jet_parallax_layout_direction&quot;:&quot;1&quot;,&quot;jet_parallax_layout_fx_direction&quot;:null,&quot;jet_parallax_layout_z_index&quot;:&quot;&quot;,&quot;jet_parallax_layout_bg_x&quot;:50,&quot;jet_parallax_layout_bg_x_tablet&quot;:&quot;&quot;,&quot;jet_parallax_layout_bg_x_mobile&quot;:&quot;&quot;,&quot;jet_parallax_layout_bg_y&quot;:50,&quot;jet_parallax_layout_bg_y_tablet&quot;:&quot;&quot;,&quot;jet_parallax_layout_bg_y_mobile&quot;:&quot;&quot;,&quot;jet_parallax_layout_bg_size&quot;:&quot;auto&quot;,&quot;jet_parallax_layout_bg_size_tablet&quot;:&quot;&quot;,&quot;jet_parallax_layout_bg_size_mobile&quot;:&quot;&quot;,&quot;jet_parallax_layout_animation_prop&quot;:&quot;transform&quot;,&quot;jet_parallax_layout_on&quot;:[&quot;desktop&quot;,&quot;tablet&quot;]}],&quot;background_background&quot;:&quot;classic&quot;}\">\n\t\t\t\t\t\t\t<div class=\"elementor-background-overlay\"><\/div>\n\t\t\t\t\t\t\t<div class=\"elementor-container elementor-column-gap-default\">\n\t\t\t\t\t<div class=\"elementor-column elementor-col-100 elementor-top-column elementor-element elementor-element-34b55977\" data-id=\"34b55977\" data-element_type=\"column\">\n\t\t\t<div class=\"elementor-widget-wrap elementor-element-populated\">\n\t\t\t\t\t<div class=\"elementor-background-overlay\"><\/div>\n\t\t\t\t\t\t<div class=\"elementor-element elementor-element-daafe14 animated-slow elementor-invisible elementor-widget elementor-widget-heading\" data-id=\"daafe14\" data-element_type=\"widget\" data-settings=\"{&quot;_animation&quot;:&quot;fadeIn&quot;,&quot;_animation_delay&quot;:300}\" data-widget_type=\"heading.default\">\n\t\t\t\t<div class=\"elementor-widget-container\">\n\t\t\t\t\t<span class=\"elementor-heading-title elementor-size-default\">Un viatge a l\u2019origen del vi\n<\/span>\t\t\t\t<\/div>\n\t\t\t\t<\/div>\n\t\t\t\t<div class=\"elementor-element elementor-element-68200955 animated-slow elementor-invisible elementor-widget elementor-widget-heading\" data-id=\"68200955\" data-element_type=\"widget\" data-settings=\"{&quot;_animation&quot;:&quot;fadeIn&quot;,&quot;_animation_delay&quot;:500}\" data-widget_type=\"heading.default\">\n\t\t\t\t<div class=\"elementor-widget-container\">\n\t\t\t\t\t<h1 class=\"elementor-heading-title elementor-size-default\">Enoturisme<\/h1>\t\t\t\t<\/div>\n\t\t\t\t<\/div>\n\t\t\t\t<div class=\"elementor-element elementor-element-654fac8a animated-slow elementor-widget-divider--view-line elementor-invisible elementor-widget elementor-widget-divider\" data-id=\"654fac8a\" data-element_type=\"widget\" data-settings=\"{&quot;_animation&quot;:&quot;fadeInRight&quot;,&quot;_animation_delay&quot;:700,&quot;_animation_tablet&quot;:&quot;fadeIn&quot;}\" data-widget_type=\"divider.default\">\n\t\t\t\t<div class=\"elementor-widget-container\">\n\t\t\t\t\t\t\t<div class=\"elementor-divider\">\n\t\t\t<span class=\"elementor-divider-separator\">\n\t\t\t\t\t\t<\/span>\n\t\t<\/div>\n\t\t\t\t\t\t<\/div>\n\t\t\t\t<\/div>\n\t\t\t\t<div class=\"elementor-element elementor-element-19a6b2f8 animated-slow elementor-invisible elementor-widget elementor-widget-text-editor\" data-id=\"19a6b2f8\" data-element_type=\"widget\" data-settings=\"{&quot;_animation&quot;:&quot;fadeIn&quot;,&quot;_animation_delay&quot;:750}\" data-widget_type=\"text-editor.default\">\n\t\t\t\t<div class=\"elementor-widget-container\">\n\t\t\t\t\t\t\t\t\t<p>Moixent \u00e9s un dest\u00ed ideal per a descobrir el vi des del paisatge. Entre vinyes i masies, el visitant pot gaudir de tastos i visites guiades que expliquen el treball a la vinya, les varietats locals i el proc\u00e9s d\u2019elaboraci\u00f3, tot en un entorn tranquil i aut\u00e8ntic. L\u2019experi\u00e8ncia es completa amb rutes a peu o en bici per la Vall de les Alcusses, on territori, hist\u00f2ria i gastronomia s\u2019unixen per a oferir una escapada perfecta: bon vi, bon menjar i natura a un pas.<\/p>\t\t\t\t\t\t\t\t<\/div>\n\t\t\t\t<\/div>\n\t\t\t\t\t<\/div>\n\t\t<\/div>\n\t\t\t\t\t<\/div>\n\t\t<\/section>\n\t\t\t\t<section class=\"elementor-section elementor-top-section elementor-element elementor-element-4b748df elementor-section-full_width elementor-section-height-min-height elementor-section-height-default elementor-section-items-middle\" data-id=\"4b748df\" data-element_type=\"section\" data-settings=\"{&quot;jet_parallax_layout_list&quot;:[{&quot;_id&quot;:&quot;b68b6ea&quot;,&quot;jet_parallax_layout_image&quot;:{&quot;url&quot;:&quot;&quot;,&quot;id&quot;:&quot;&quot;,&quot;size&quot;:&quot;&quot;},&quot;jet_parallax_layout_image_tablet&quot;:{&quot;url&quot;:&quot;&quot;,&quot;id&quot;:&quot;&quot;,&quot;size&quot;:&quot;&quot;},&quot;jet_parallax_layout_image_mobile&quot;:{&quot;url&quot;:&quot;&quot;,&quot;id&quot;:&quot;&quot;,&quot;size&quot;:&quot;&quot;},&quot;jet_parallax_layout_speed&quot;:{&quot;unit&quot;:&quot;%&quot;,&quot;size&quot;:50,&quot;sizes&quot;:[]},&quot;jet_parallax_layout_type&quot;:&quot;scroll&quot;,&quot;jet_parallax_layout_direction&quot;:&quot;1&quot;,&quot;jet_parallax_layout_fx_direction&quot;:null,&quot;jet_parallax_layout_z_index&quot;:&quot;&quot;,&quot;jet_parallax_layout_bg_x&quot;:50,&quot;jet_parallax_layout_bg_x_tablet&quot;:&quot;&quot;,&quot;jet_parallax_layout_bg_x_mobile&quot;:&quot;&quot;,&quot;jet_parallax_layout_bg_y&quot;:50,&quot;jet_parallax_layout_bg_y_tablet&quot;:&quot;&quot;,&quot;jet_parallax_layout_bg_y_mobile&quot;:&quot;&quot;,&quot;jet_parallax_layout_bg_size&quot;:&quot;auto&quot;,&quot;jet_parallax_layout_bg_size_tablet&quot;:&quot;&quot;,&quot;jet_parallax_layout_bg_size_mobile&quot;:&quot;&quot;,&quot;jet_parallax_layout_animation_prop&quot;:&quot;transform&quot;,&quot;jet_parallax_layout_on&quot;:[&quot;desktop&quot;,&quot;tablet&quot;]}],&quot;background_background&quot;:&quot;classic&quot;,&quot;shape_divider_top&quot;:&quot;arrow&quot;}\">\n\t\t\t\t\t<div class=\"elementor-shape elementor-shape-top\" aria-hidden=\"true\" data-negative=\"false\">\n\t\t\t<svg xmlns=\"http:\/\/www.w3.org\/2000\/svg\" viewBox=\"0 0 700 10\" preserveAspectRatio=\"none\">\n\t<path class=\"elementor-shape-fill\" d=\"M350,10L340,0h20L350,10z\"\/>\n<\/svg>\t\t<\/div>\n\t\t\t\t\t<div class=\"elementor-container elementor-column-gap-default\">\n\t\t\t\t\t<div class=\"elementor-column elementor-col-100 elementor-top-column elementor-element elementor-element-63862d4\" data-id=\"63862d4\" data-element_type=\"column\">\n\t\t\t<div class=\"elementor-widget-wrap\">\n\t\t\t\t\t\t\t<\/div>\n\t\t<\/div>\n\t\t\t\t\t<\/div>\n\t\t<\/section>\n\t\t\t\t<section class=\"elementor-section elementor-top-section elementor-element elementor-element-3f58003 elementor-section-content-middle elementor-section-stretched elementor-section-boxed elementor-section-height-default elementor-section-height-default\" data-id=\"3f58003\" data-element_type=\"section\" data-settings=\"{&quot;stretch_section&quot;:&quot;section-stretched&quot;,&quot;jet_parallax_layout_list&quot;:[{&quot;_id&quot;:&quot;69e5e79&quot;,&quot;jet_parallax_layout_image&quot;:{&quot;url&quot;:&quot;&quot;,&quot;id&quot;:&quot;&quot;,&quot;size&quot;:&quot;&quot;},&quot;jet_parallax_layout_image_tablet&quot;:{&quot;url&quot;:&quot;&quot;,&quot;id&quot;:&quot;&quot;,&quot;size&quot;:&quot;&quot;},&quot;jet_parallax_layout_image_mobile&quot;:{&quot;url&quot;:&quot;&quot;,&quot;id&quot;:&quot;&quot;,&quot;size&quot;:&quot;&quot;},&quot;jet_parallax_layout_speed&quot;:{&quot;unit&quot;:&quot;%&quot;,&quot;size&quot;:50,&quot;sizes&quot;:[]},&quot;jet_parallax_layout_type&quot;:&quot;scroll&quot;,&quot;jet_parallax_layout_direction&quot;:&quot;1&quot;,&quot;jet_parallax_layout_fx_direction&quot;:null,&quot;jet_parallax_layout_z_index&quot;:&quot;&quot;,&quot;jet_parallax_layout_bg_x&quot;:50,&quot;jet_parallax_layout_bg_x_tablet&quot;:&quot;&quot;,&quot;jet_parallax_layout_bg_x_mobile&quot;:&quot;&quot;,&quot;jet_parallax_layout_bg_y&quot;:50,&quot;jet_parallax_layout_bg_y_tablet&quot;:&quot;&quot;,&quot;jet_parallax_layout_bg_y_mobile&quot;:&quot;&quot;,&quot;jet_parallax_layout_bg_size&quot;:&quot;auto&quot;,&quot;jet_parallax_layout_bg_size_tablet&quot;:&quot;&quot;,&quot;jet_parallax_layout_bg_size_mobile&quot;:&quot;&quot;,&quot;jet_parallax_layout_animation_prop&quot;:&quot;transform&quot;,&quot;jet_parallax_layout_on&quot;:[&quot;desktop&quot;,&quot;tablet&quot;]}],&quot;background_background&quot;:&quot;classic&quot;}\">\n\t\t\t\t\t\t\t<div class=\"elementor-background-overlay\"><\/div>\n\t\t\t\t\t\t\t<div class=\"elementor-container elementor-column-gap-default\">\n\t\t\t\t\t<div class=\"elementor-column elementor-col-100 elementor-top-column elementor-element elementor-element-fef822a\" data-id=\"fef822a\" data-element_type=\"column\">\n\t\t\t<div class=\"elementor-widget-wrap elementor-element-populated\">\n\t\t\t\t\t<div class=\"elementor-background-overlay\"><\/div>\n\t\t\t\t\t\t<div class=\"elementor-element elementor-element-165181a animated-slow elementor-invisible elementor-widget elementor-widget-heading\" data-id=\"165181a\" data-element_type=\"widget\" data-settings=\"{&quot;_animation&quot;:&quot;fadeIn&quot;,&quot;_animation_delay&quot;:300}\" data-widget_type=\"heading.default\">\n\t\t\t\t<div class=\"elementor-widget-container\">\n\t\t\t\t\t<span class=\"elementor-heading-title elementor-size-default\">Experi\u00e8ncies enotur\u00edstiques a les Alcusses\n<\/span>\t\t\t\t<\/div>\n\t\t\t\t<\/div>\n\t\t\t\t<div class=\"elementor-element elementor-element-8a47fec animated-slow elementor-invisible elementor-widget elementor-widget-text-editor\" data-id=\"8a47fec\" data-element_type=\"widget\" data-settings=\"{&quot;_animation&quot;:&quot;fadeIn&quot;,&quot;_animation_delay&quot;:750}\" data-widget_type=\"text-editor.default\">\n\t\t\t\t<div class=\"elementor-widget-container\">\n\t\t\t\t\t\t\t\t\t<p>El vincle de Moixent amb la vinicultura es remunta a la cultura ibera, com mostren les troballes a la Bastida de les Alcusses; esta continu\u00eftat hist\u00f2rica es reflectix hui en la filosofia dels elaboradors locals, que treballen amb criteris artesans i, en molts casos, ecol\u00f2gics. Els cellers de la zona utilitzen varietats aut\u00f2ctones per a crear vins que expressen fidelment este <em>terroir<\/em>, i diversos d\u2019estos vins han obtingut reconeixement tant a nivell nacional com internacional.<\/p><p>Per al visitant hi ha propostes per a tots els gustos: tastos comentats, recorreguts per la vinya, tallers de cupatge, experi\u00e8ncies de verema i rutes enotur\u00edstiques que combinen paisatge, patrimoni i gastronomia. Vine a Moixent: prova els seus vins, coneix la seua hist\u00f2ria i deixa\u2019t portar per la calma de les Alcusses.<\/p>\t\t\t\t\t\t\t\t<\/div>\n\t\t\t\t<\/div>\n\t\t\t\t<div class=\"elementor-element elementor-element-d6f6407 elementor-widget elementor-widget-spacer\" data-id=\"d6f6407\" data-element_type=\"widget\" data-widget_type=\"spacer.default\">\n\t\t\t\t<div class=\"elementor-widget-container\">\n\t\t\t\t\t\t\t<div class=\"elementor-spacer\">\n\t\t\t<div class=\"elementor-spacer-inner\"><\/div>\n\t\t<\/div>\n\t\t\t\t\t\t<\/div>\n\t\t\t\t<\/div>\n\t\t\t\t<div class=\"elementor-element elementor-element-dae2e11 elementor-widget elementor-widget-jet-listing-grid\" data-id=\"dae2e11\" data-element_type=\"widget\" data-settings=\"{&quot;columns&quot;:3,&quot;columns_tablet&quot;:&quot;2&quot;,&quot;columns_mobile&quot;:&quot;1&quot;}\" data-widget_type=\"jet-listing-grid.default\">\n\t\t\t\t<div class=\"elementor-widget-container\">\n\t\t\t\t\t<div class=\"jet-listing-grid jet-listing-grid--lazy-load jet-listing jet-listing-grid-loading\" data-lazy-load=\"{&quot;offset&quot;:&quot;0px&quot;,&quot;post_id&quot;:8105,&quot;queried_id&quot;:&quot;8105|WP_Post&quot;}\"><div class=\"jet-listing-grid__loader\"><div class=\"jet-listing-grid__loader-spinner\"><\/div><\/div><\/div>\t\t\t\t<\/div>\n\t\t\t\t<\/div>\n\t\t\t\t\t<\/div>\n\t\t<\/div>\n\t\t\t\t\t<\/div>\n\t\t<\/section>\n\t\t\t\t<\/div>\n\t\t","protected":false},"excerpt":{"rendered":"<p>Un viatge a l\u2019origen del vi Moixent \u00e9s un dest\u00ed ideal per a descobrir el vi des del paisatge. Entre vinyes i masies, el visitant pot gaudir de tastos i visites guiades que expliquen el treball a la vinya, les varietats locals i el proc\u00e9s d\u2019elaboraci\u00f3, tot en un entorn tranquil i aut\u00e8ntic. L\u2019experi\u00e8ncia es [&hellip;]<\/p>\n","protected":false},"author":1,"featured_media":8106,"parent":0,"menu_order":0,"comment_status":"closed","ping_status":"closed","template":"full-width.php","meta":{"_acf_changed":false,"footnotes":""},"class_list":["post-8105","page","type-page","status-publish","has-post-thumbnail","hentry"],"acf":[],"yoast_head":"<!-- This site is optimized with the Yoast SEO plugin v26.6 - https:\/\/yoast.com\/wordpress\/plugins\/seo\/ -->\n<title>Enoturisme - Turisme Moixent<\/title>\n<meta name=\"description\" content=\"Moixent oferix enoturisme aut\u00e8ntic entre vinyes, hist\u00f2ria i gastronomia, amb tastos, rutes i cellers artesans en el paisatge de les Alcusses.\" \/>\n<meta name=\"robots\" content=\"index, follow, max-snippet:-1, max-image-preview:large, max-video-preview:-1\" \/>\n<link rel=\"canonical\" href=\"https:\/\/turismemoixent.com\/val\/enoturisme\/\" \/>\n<meta property=\"og:locale\" content=\"ca_ES\" \/>\n<meta property=\"og:type\" content=\"article\" \/>\n<meta property=\"og:title\" content=\"Enoturisme - Turisme Moixent\" \/>\n<meta property=\"og:description\" content=\"Moixent oferix enoturisme aut\u00e8ntic entre vinyes, hist\u00f2ria i gastronomia, amb tastos, rutes i cellers artesans en el paisatge de les Alcusses.\" \/>\n<meta property=\"og:url\" content=\"https:\/\/turismemoixent.com\/val\/enoturisme\/\" \/>\n<meta property=\"og:site_name\" content=\"Turisme Moixent\" \/>\n<meta property=\"article:modified_time\" content=\"2026-01-27T11:26:58+00:00\" \/>\n<meta property=\"og:image\" content=\"https:\/\/turismemoixent.com\/wp-content\/uploads\/2025\/12\/enoturismo0000001.webp\" \/>\n\t<meta property=\"og:image:width\" content=\"1920\" \/>\n\t<meta property=\"og:image:height\" content=\"1280\" \/>\n\t<meta property=\"og:image:type\" content=\"image\/webp\" \/>\n<meta name=\"twitter:card\" content=\"summary_large_image\" \/>\n<meta name=\"twitter:label1\" content=\"Est. reading time\" \/>\n\t<meta name=\"twitter:data1\" content=\"16 minuts\" \/>\n<script type=\"application\/ld+json\" class=\"yoast-schema-graph\">{\"@context\":\"https:\/\/schema.org\",\"@graph\":[{\"@type\":\"WebPage\",\"@id\":\"https:\/\/turismemoixent.com\/val\/enoturisme\/\",\"url\":\"https:\/\/turismemoixent.com\/val\/enoturisme\/\",\"name\":\"Enoturisme - Turisme Moixent\",\"isPartOf\":{\"@id\":\"https:\/\/turismemoixent.com\/#website\"},\"primaryImageOfPage\":{\"@id\":\"https:\/\/turismemoixent.com\/val\/enoturisme\/#primaryimage\"},\"image\":{\"@id\":\"https:\/\/turismemoixent.com\/val\/enoturisme\/#primaryimage\"},\"thumbnailUrl\":\"https:\/\/turismemoixent.com\/wp-content\/uploads\/2025\/12\/enoturismo0000001.webp\",\"datePublished\":\"2025-12-17T14:34:38+00:00\",\"dateModified\":\"2026-01-27T11:26:58+00:00\",\"description\":\"Moixent oferix enoturisme aut\u00e8ntic entre vinyes, hist\u00f2ria i gastronomia, amb tastos, rutes i cellers artesans en el paisatge de les Alcusses.\",\"breadcrumb\":{\"@id\":\"https:\/\/turismemoixent.com\/val\/enoturisme\/#breadcrumb\"},\"inLanguage\":\"ca\",\"potentialAction\":[{\"@type\":\"ReadAction\",\"target\":[\"https:\/\/turismemoixent.com\/val\/enoturisme\/\"]}]},{\"@type\":\"ImageObject\",\"inLanguage\":\"ca\",\"@id\":\"https:\/\/turismemoixent.com\/val\/enoturisme\/#primaryimage\",\"url\":\"https:\/\/turismemoixent.com\/wp-content\/uploads\/2025\/12\/enoturismo0000001.webp\",\"contentUrl\":\"https:\/\/turismemoixent.com\/wp-content\/uploads\/2025\/12\/enoturismo0000001.webp\",\"width\":1920,\"height\":1280},{\"@type\":\"BreadcrumbList\",\"@id\":\"https:\/\/turismemoixent.com\/val\/enoturisme\/#breadcrumb\",\"itemListElement\":[{\"@type\":\"ListItem\",\"position\":1,\"name\":\"Portada\",\"item\":\"https:\/\/turismemoixent.com\/val\/moixent\/\"},{\"@type\":\"ListItem\",\"position\":2,\"name\":\"Enoturisme\"}]},{\"@type\":\"WebSite\",\"@id\":\"https:\/\/turismemoixent.com\/#website\",\"url\":\"https:\/\/turismemoixent.com\/\",\"name\":\"Turisme Moixent\",\"description\":\"Web oficial de Turisme Moixent. Descobreix-ne el patrimoni, els vins i la calma d'un dest\u00ed interior per gaudir sense presses.\",\"potentialAction\":[{\"@type\":\"SearchAction\",\"target\":{\"@type\":\"EntryPoint\",\"urlTemplate\":\"https:\/\/turismemoixent.com\/?s={search_term_string}\"},\"query-input\":{\"@type\":\"PropertyValueSpecification\",\"valueRequired\":true,\"valueName\":\"search_term_string\"}}],\"inLanguage\":\"ca\"}]}<\/script>\n<!-- \/ Yoast SEO plugin. -->","yoast_head_json":{"title":"Enoturisme - Turisme Moixent","description":"Moixent oferix enoturisme aut\u00e8ntic entre vinyes, hist\u00f2ria i gastronomia, amb tastos, rutes i cellers artesans en el paisatge de les Alcusses.","robots":{"index":"index","follow":"follow","max-snippet":"max-snippet:-1","max-image-preview":"max-image-preview:large","max-video-preview":"max-video-preview:-1"},"canonical":"https:\/\/turismemoixent.com\/val\/enoturisme\/","og_locale":"ca_ES","og_type":"article","og_title":"Enoturisme - Turisme Moixent","og_description":"Moixent oferix enoturisme aut\u00e8ntic entre vinyes, hist\u00f2ria i gastronomia, amb tastos, rutes i cellers artesans en el paisatge de les Alcusses.","og_url":"https:\/\/turismemoixent.com\/val\/enoturisme\/","og_site_name":"Turisme Moixent","article_modified_time":"2026-01-27T11:26:58+00:00","og_image":[{"width":1920,"height":1280,"url":"https:\/\/turismemoixent.com\/wp-content\/uploads\/2025\/12\/enoturismo0000001.webp","type":"image\/webp"}],"twitter_card":"summary_large_image","twitter_misc":{"Est. reading time":"16 minuts"},"schema":{"@context":"https:\/\/schema.org","@graph":[{"@type":"WebPage","@id":"https:\/\/turismemoixent.com\/val\/enoturisme\/","url":"https:\/\/turismemoixent.com\/val\/enoturisme\/","name":"Enoturisme - Turisme Moixent","isPartOf":{"@id":"https:\/\/turismemoixent.com\/#website"},"primaryImageOfPage":{"@id":"https:\/\/turismemoixent.com\/val\/enoturisme\/#primaryimage"},"image":{"@id":"https:\/\/turismemoixent.com\/val\/enoturisme\/#primaryimage"},"thumbnailUrl":"https:\/\/turismemoixent.com\/wp-content\/uploads\/2025\/12\/enoturismo0000001.webp","datePublished":"2025-12-17T14:34:38+00:00","dateModified":"2026-01-27T11:26:58+00:00","description":"Moixent oferix enoturisme aut\u00e8ntic entre vinyes, hist\u00f2ria i gastronomia, amb tastos, rutes i cellers artesans en el paisatge de les Alcusses.","breadcrumb":{"@id":"https:\/\/turismemoixent.com\/val\/enoturisme\/#breadcrumb"},"inLanguage":"ca","potentialAction":[{"@type":"ReadAction","target":["https:\/\/turismemoixent.com\/val\/enoturisme\/"]}]},{"@type":"ImageObject","inLanguage":"ca","@id":"https:\/\/turismemoixent.com\/val\/enoturisme\/#primaryimage","url":"https:\/\/turismemoixent.com\/wp-content\/uploads\/2025\/12\/enoturismo0000001.webp","contentUrl":"https:\/\/turismemoixent.com\/wp-content\/uploads\/2025\/12\/enoturismo0000001.webp","width":1920,"height":1280},{"@type":"BreadcrumbList","@id":"https:\/\/turismemoixent.com\/val\/enoturisme\/#breadcrumb","itemListElement":[{"@type":"ListItem","position":1,"name":"Portada","item":"https:\/\/turismemoixent.com\/val\/moixent\/"},{"@type":"ListItem","position":2,"name":"Enoturisme"}]},{"@type":"WebSite","@id":"https:\/\/turismemoixent.com\/#website","url":"https:\/\/turismemoixent.com\/","name":"Turisme Moixent","description":"Web oficial de Turisme Moixent. Descobreix-ne el patrimoni, els vins i la calma d'un dest\u00ed interior per gaudir sense presses.","potentialAction":[{"@type":"SearchAction","target":{"@type":"EntryPoint","urlTemplate":"https:\/\/turismemoixent.com\/?s={search_term_string}"},"query-input":{"@type":"PropertyValueSpecification","valueRequired":true,"valueName":"search_term_string"}}],"inLanguage":"ca"}]}},"_links":{"self":[{"href":"https:\/\/turismemoixent.com\/val\/wp-json\/wp\/v2\/pages\/8105","targetHints":{"allow":["GET"]}}],"collection":[{"href":"https:\/\/turismemoixent.com\/val\/wp-json\/wp\/v2\/pages"}],"about":[{"href":"https:\/\/turismemoixent.com\/val\/wp-json\/wp\/v2\/types\/page"}],"author":[{"embeddable":true,"href":"https:\/\/turismemoixent.com\/val\/wp-json\/wp\/v2\/users\/1"}],"replies":[{"embeddable":true,"href":"https:\/\/turismemoixent.com\/val\/wp-json\/wp\/v2\/comments?post=8105"}],"version-history":[{"count":7,"href":"https:\/\/turismemoixent.com\/val\/wp-json\/wp\/v2\/pages\/8105\/revisions"}],"predecessor-version":[{"id":9030,"href":"https:\/\/turismemoixent.com\/val\/wp-json\/wp\/v2\/pages\/8105\/revisions\/9030"}],"wp:featuredmedia":[{"embeddable":true,"href":"https:\/\/turismemoixent.com\/val\/wp-json\/wp\/v2\/media\/8106"}],"wp:attachment":[{"href":"https:\/\/turismemoixent.com\/val\/wp-json\/wp\/v2\/media?parent=8105"}],"curies":[{"name":"wp","href":"https:\/\/api.w.org\/{rel}","templated":true}]}}